{"id":38603,"date":"2024-09-12T16:58:32","date_gmt":"2024-09-12T16:58:32","guid":{"rendered":"https:\/\/theme-dev.cmsmasters.net\/aesthetica\/?page_id=38603"},"modified":"2026-04-04T10:33:44","modified_gmt":"2026-04-04T10:33:44","slug":"randevu-al","status":"publish","type":"page","link":"https:\/\/pineapplehealthtourism.com\/tr\/randevu-al\/","title":{"rendered":"Randevu Al"},"content":{"rendered":"\t\t<div data-elementor-type=\"wp-page\" data-elementor-id=\"38603\" class=\"elementor elementor-38603\">\n\t\t\t\t<div class=\"elementor-element elementor-element-7f9359c e-flex e-con-boxed cmsmasters-block-default e-con e-parent\" data-id=\"7f9359c\" data-element_type=\"container\" data-e-type=\"container\">\n\t\t\t\t\t<div class=\"e-con-inner\">\n\t\t<div class=\"elementor-element elementor-element-718e3f5 e-con-full e-flex cmsmasters-block-default e-con e-child\" data-id=\"718e3f5\" data-element_type=\"container\" data-e-type=\"container\" data-settings=\"{&quot;background_background&quot;:&quot;classic&quot;}\">\n\t\t\t\t<div class=\"elementor-element elementor-element-1a61a22 cmsmasters-block-default cmsmasters-sticky-default elementor-widget elementor-widget-heading\" data-id=\"1a61a22\" data-element_type=\"widget\" data-e-type=\"widget\" data-widget_type=\"heading.default\">\n\t\t\t\t\t<h3 class=\"elementor-heading-title elementor-size-default\">Randevu Talep Edin<\/h3>\t\t\t\t<\/div>\n\t\t\t\t<div class=\"elementor-element elementor-element-97a4d5f cmsmasters-block-default cmsmasters-sticky-default elementor-widget elementor-widget-text-editor\" data-id=\"97a4d5f\" data-element_type=\"widget\" data-e-type=\"widget\" data-widget_type=\"text-editor.default\">\n\t\t\t\t\t\t\t\t\t<p data-start=\"148\" data-end=\"291\">Pineapple Health Tourism ile randevu talebinizi online olarak birka\u00e7 dakikada iletebilirsiniz \u2013 ekibimiz en k\u0131sa s\u00fcrede size geri d\u00f6n\u00fc\u015f yapacakt\u0131r.<\/p>\t\t\t\t\t\t\t\t<\/div>\n\t\t\t\t<div class=\"elementor-element elementor-element-cb48abb cmsmasters-block-default cmsmasters-sticky-default elementor-widget elementor-widget-cmsmasters-forminator\" data-id=\"cb48abb\" data-element_type=\"widget\" data-e-type=\"widget\" data-settings=\"{&quot;form_list&quot;:&quot;43&quot;}\" data-widget_type=\"cmsmasters-forminator.default\">\n\t\t\t\t\t<div class=\"elementor-widget-cmsmasters-contact-form__wrapper elementor-widget-cmsmasters-contact-form cmsmasters-default-color cmsmasters-default-font\" id=\"cmsmasters-widget-form-cb48abb\">\r\n\t\t\t<div class=\"elementor-widget-cmsmasters-contact-form__inner\"><div class=\"forminator-ui forminator-custom-form forminator-custom-form-43 forminator-design--default forminator-custom forminator_ajax\" data-forminator-render=\"0\" data-form=\"forminator-module-43\" data-uid=\"69dbcc420d081\"><br\/><\/div><form\n\t\t\t\tid=\"forminator-module-43\"\n\t\t\t\tclass=\"forminator-ui forminator-custom-form forminator-custom-form-43 forminator-design--default forminator-custom forminator_ajax\"\n\t\t\t\tmethod=\"post\"\n\t\t\t\tdata-forminator-render=\"0\"\n\t\t\t\tdata-form-id=\"43\"\n\t\t\t\t data-color-option=\"default\" data-design=\"default\" data-grid=\"custom\" style=\"display: none;\"\n\t\t\t\tdata-uid=\"69dbcc420d081\"\n\t\t\t><div role=\"alert\" aria-live=\"polite\" class=\"forminator-response-message forminator-error\" aria-hidden=\"true\"><\/div><div class=\"forminator-row\"><div id=\"select-1\" class=\"forminator-field-select forminator-col forminator-col-6 \"><div class=\"forminator-field\"><label for=\"forminator-form-43__field--select-1_69dbcc420d081\" id=\"forminator-form-43__field--select-1_69dbcc420d081-label\" class=\"forminator-label\">Hizmet <span class=\"forminator-required\">*<\/span><\/label><select  id=\"forminator-form-43__field--select-1_69dbcc420d081\" class=\"forminator-select--field forminator-select2 forminator-select2-multiple\" data-required=\"1\" name=\"select-1\" data-default-value=\"\" data-placeholder=\"Hizmet Se\u00e7iniz\" data-search=\"false\" data-search-placeholder=\"Hizmet Se\u00e7iniz\" data-checkbox=\"false\" data-allow-clear=\"false\" aria-labelledby=\"forminator-form-43__field--select-1_69dbcc420d081-label\"><option value=\"\"  >Hizmet Se\u00e7iniz<\/option><option value=\"Mommy-Makeover\"  data-calculation=\"0\">Mommy Makeover<\/option><option value=\"Liposuction-(Vaser-Liposuction)\"  data-calculation=\"0\">Liposuction (Vaser Liposuction)<\/option><option value=\"Brazilian-Butt-Lift-(BBL)\"  data-calculation=\"0\">Brazilian Butt Lift (BBL)<\/option><option value=\"Tummy-Tuck\"  data-calculation=\"0\">Tummy Tuck<\/option><option value=\"Thigh-Lifting\"  data-calculation=\"0\">Thigh Lifting<\/option><option value=\"Fat-Injection\"  data-calculation=\"0\">Fat Injection<\/option><option value=\"Genital-Aesthetic\"  data-calculation=\"0\">Genital Aesthetic<\/option><option value=\"Arm-Lift-Surgery\"  data-calculation=\"0\">Arm Lift Surgery<\/option><option value=\"Gynecomastia\"  data-calculation=\"0\">Gynecomastia<\/option><option value=\"Rhinoplasty-(Nose-Job)\"  data-calculation=\"0\">Rhinoplasty (Nose Job)<\/option><option value=\"Face-and-Neck-Lift\"  data-calculation=\"0\">Face and Neck Lift<\/option><option value=\"Endoscopic-Eyebrow-Lift\"  data-calculation=\"0\">Endoscopic Eyebrow Lift<\/option><option value=\"Deep-Plane-Facelift\"  data-calculation=\"0\">Deep Plane Facelift<\/option><option value=\"Endoscopic-Mid-Face-Lift\"  data-calculation=\"0\">Endoscopic Mid-Face Lift<\/option><option value=\"Eyelid-Aesthetic\"  data-calculation=\"0\">Eyelid Aesthetic<\/option><option value=\"Breast-Augmentation-(Breast-Enlargement)\"  data-calculation=\"0\">Breast Augmentation (Breast Enlargement)<\/option><option value=\"Breast-Reduction\"  data-calculation=\"0\">Breast Reduction<\/option><option value=\"Hair-Transplant\"  data-calculation=\"0\">Hair Transplant<\/option><option value=\"DHI-Method\"  data-calculation=\"0\">DHI Method<\/option><option value=\"Sapphire-Percutaneous-Method\"  data-calculation=\"0\">Sapphire Percutaneous Method<\/option><option value=\"Eyebrow-Transplant\"  data-calculation=\"0\">Eyebrow Transplant<\/option><option value=\"Beard-and-Mustache-Transplant\"  data-calculation=\"0\">Beard and Mustache Transplant<\/option><option value=\"Dental-Implant\"  data-calculation=\"0\">Dental Implant<\/option><option value=\"Dental-Veneers\"  data-calculation=\"0\">Dental Veneers<\/option><\/select><\/div><\/div><div id=\"select-2\" class=\"forminator-field-select forminator-col forminator-col-6 \"><div class=\"forminator-field\"><label for=\"forminator-form-43__field--select-2_69dbcc420d081\" id=\"forminator-form-43__field--select-2_69dbcc420d081-label\" class=\"forminator-label\">Doktor <span class=\"forminator-required\">*<\/span><\/label><select  id=\"forminator-form-43__field--select-2_69dbcc420d081\" class=\"forminator-select--field forminator-select2 forminator-select2-multiple\" data-required=\"1\" name=\"select-2\" data-default-value=\"\" data-placeholder=\"Doktor Se\u00e7iniz\" data-search=\"false\" data-search-placeholder=\"Doktor Se\u00e7iniz\" data-checkbox=\"false\" data-allow-clear=\"false\" aria-labelledby=\"forminator-form-43__field--select-2_69dbcc420d081-label\"><option value=\"\"  >Doktor Se\u00e7iniz<\/option><option value=\"john-pierson\"  data-calculation=\"0\">Do\u00e7. Dr. Sedat Tatar<\/option><option value=\"amy-holland\"  data-calculation=\"0\">Prof. Dr. \u0130smail K\u00fc\u00e7\u00fcker<\/option><option value=\"Jane-Ruiz,-MD\"  data-calculation=\"0\">Dr. G\u00f6khan Akk\u00f6k<\/option><\/select><\/div><\/div><\/div><div class=\"forminator-row\"><div id=\"name-1\" class=\"forminator-field-name forminator-col forminator-col-6 \"><div class=\"forminator-field\"><label for=\"forminator-field-name-1_69dbcc420d081\" id=\"forminator-field-name-1_69dbcc420d081-label\" class=\"forminator-label\">Ad Soyad <span class=\"forminator-required\">*<\/span><\/label><input type=\"text\" name=\"name-1\" value=\"\" placeholder=\"\" id=\"forminator-field-name-1_69dbcc420d081\" class=\"forminator-input forminator-name--field\" aria-required=\"true\" autocomplete=\"name\" \/><\/div><\/div><div id=\"phone-1\" class=\"forminator-field-phone forminator-col forminator-col-6 \"><div class=\"forminator-field\"><label for=\"forminator-field-phone-1_69dbcc420d081\" id=\"forminator-field-phone-1_69dbcc420d081-label\" class=\"forminator-label\">Telefonunuz <span class=\"forminator-required\">*<\/span><\/label><input type=\"text\" name=\"phone-1\" value=\"\" placeholder=\"\" id=\"forminator-field-phone-1_69dbcc420d081\" class=\"forminator-input forminator-field--phone\" data-required=\"1\" aria-required=\"true\" autocomplete=\"off\" data-national_mode=\"disabled\" data-country=\"tr\" data-validation=\"international\" \/><\/div><\/div><\/div><div class=\"forminator-row\"><div id=\"date-1\" class=\"forminator-field-date forminator-col forminator-col-6 \"><div class=\"forminator-field\"><label for=\"forminator-field-date-1-picker_69dbcc420d081\" id=\"forminator-field-date-1-picker_69dbcc420d081-label\" class=\"forminator-label\">Tarih <span class=\"forminator-required\">*<\/span><\/label><div class=\"forminator-input-with-icon\"><span class=\"forminator-icon-calendar\" aria-hidden=\"true\"><\/span><input autocomplete=\"off\" type=\"text\" size=\"1\" name=\"date-1\" value=\"\" placeholder=\"Tarih Se\u00e7iniz\" id=\"forminator-field-date-1-picker_69dbcc420d081\" class=\"forminator-input forminator-datepicker\" data-required=\"1\" data-format=\"dd-mm-yy\" data-restrict-type=\"week\" data-restrict=\"0,6\" data-start-year=\"1926\" data-end-year=\"2126\" data-past-dates=\"enable\" data-start-of-week=\"1\" data-start-date=\"\" data-end-date=\"\" data-start-field=\"\" data-end-field=\"\" data-start-offset=\"\" data-end-offset=\"\" data-disable-date=\"\" data-disable-range=\"\" \/><\/div><\/div><\/div><div id=\"time-1\" class=\"forminator-field-time forminator-col forminator-col-6 \"><label for=\"forminator-field-time-1\" id=\"forminator-field-time-1-label\" class=\"forminator-label\">Saat <span class=\"forminator-required\">*<\/span><\/label><div class=\"forminator-timepicker\" ><div class=\"forminator-row\" data-multiple=\"true\"><div id=\"time-1-hours\" class=\"forminator-col forminator-col-6\"><div class=\"forminator-field\"><select name=\"time-1-hours\" id=\"forminator-field-43__field--time-1-hours_69dbcc420d081\" class=\"forminator-select2 time-hours has-time-limiter\" data-field=\"hours\" data-placeholder=\"Se\u00e7\" data-default-value=\"\"><option value=\"\" selected=\"selected\">-<\/option><option value=\"9\" >09<\/option><option value=\"10\" >10<\/option><option value=\"11\" >11<\/option><option value=\"12\" >12<\/option><option value=\"13\" >13<\/option><option value=\"14\" >14<\/option><option value=\"15\" >15<\/option><option value=\"16\" >16<\/option><\/select><\/div><\/div><div id=\"time-1-minutes\" class=\"forminator-col forminator-col-6\"><div class=\"forminator-field\"><select name=\"time-1-minutes\" id=\"forminator-field-43__field--time-1-minutes_69dbcc420d081\" class=\"forminator-select2 time-minutes has-time-limiter\" data-field=\"minutes\" data-placeholder=\"Se\u00e7\" data-default-value=\"\"><option value=\"\" selected=\"selected\">-<\/option><option value=\"0\" >00<\/option><option value=\"15\" >15<\/option><option value=\"30\" >30<\/option><option value=\"45\" >45<\/option><\/select><\/div><\/div><\/div><\/div><\/div><\/div><div class=\"forminator-row\"><div id=\"checkbox-1\" class=\"forminator-field-checkbox forminator-col forminator-col-12 \"><div role=\"group\" class=\"forminator-field required\" aria-labelledby=\"forminator-checkbox-group-forminator-field-checkbox-1-69dbcc420d081-label\"><span id=\"forminator-checkbox-group-forminator-field-checkbox-1-69dbcc420d081-label\" class=\"forminator-label\">KVKK Ayd\u0131nlatma ve Onay\u0131 <span class=\"forminator-required\">*<\/span><\/span><label id=\"forminator-field-checkbox-1-1-69dbcc420d081-label\" for=\"forminator-field-checkbox-1-1-69dbcc420d081\" class=\"forminator-checkbox\" title=\"Ki\u015fisel Verilerin Korunmas\u0131 Kanunu kapsam\u0131ndaki &lt;a href=&quot;https:\/\/pineapplehealthtourism.com\/tr\/kvkk\/&quot; target=&quot;_blank&quot;&gt;&lt;strong&gt;KVKK Bilgilerini&lt;\/strong&gt;&lt;\/a&gt; inceledim ve ki\u015fisel verilerimin i\u015flenmesine onay veriyorum.*\"><input type=\"checkbox\" name=\"checkbox-1[]\" value=\"one\" id=\"forminator-field-checkbox-1-1-69dbcc420d081\" aria-labelledby=\"forminator-field-checkbox-1-1-69dbcc420d081-label\" data-calculation=\"0\"   data-hidden-behavior=\"zero\"\/><span class=\"forminator-checkbox-box\" aria-hidden=\"true\"><\/span><span class=\"forminator-checkbox-label\">Ki\u015fisel Verilerin Korunmas\u0131 Kanunu kapsam\u0131ndaki <a href=\"https:\/\/pineapplehealthtourism.com\/tr\/kvkk\/\" target=\"_blank\"><strong>KVKK Bilgilerini<\/strong><\/a> inceledim ve ki\u015fisel verilerimin i\u015flenmesine onay veriyorum.*<\/span><\/label><\/div><\/div><\/div><div class=\"forminator-row\"><div id=\"checkbox-2\" class=\"forminator-field-checkbox forminator-col forminator-col-12 \"><div role=\"group\" class=\"forminator-field required\" aria-labelledby=\"forminator-checkbox-group-forminator-field-checkbox-2-69dbcc420d081-label\"><span id=\"forminator-checkbox-group-forminator-field-checkbox-2-69dbcc420d081-label\" class=\"forminator-label\">\u0130leti\u015fim \u0130zni <span class=\"forminator-required\">*<\/span><\/span><label id=\"forminator-field-checkbox-2-1-69dbcc420d081-label\" for=\"forminator-field-checkbox-2-1-69dbcc420d081\" class=\"forminator-checkbox\" title=\"Pineapple Health Tourism\u2019den tan\u0131t\u0131m ve bilgilendirme i\u00e7erikli ileti\u015fimleri (e-posta, SMS vb.) almak i\u00e7in a\u00e7\u0131k r\u0131zam\u0131 veriyorum.*\"><input type=\"checkbox\" name=\"checkbox-2[]\" value=\"one\" id=\"forminator-field-checkbox-2-1-69dbcc420d081\" aria-labelledby=\"forminator-field-checkbox-2-1-69dbcc420d081-label\" data-calculation=\"0\"   data-hidden-behavior=\"zero\"\/><span class=\"forminator-checkbox-box\" aria-hidden=\"true\"><\/span><span class=\"forminator-checkbox-label\">Pineapple Health Tourism\u2019den tan\u0131t\u0131m ve bilgilendirme i\u00e7erikli ileti\u015fimleri (e-posta, SMS vb.) almak i\u00e7in a\u00e7\u0131k r\u0131zam\u0131 veriyorum.*<\/span><\/label><\/div><\/div><\/div><div class=\"forminator-row\"><div id=\"checkbox-3\" class=\"forminator-field-checkbox forminator-col forminator-col-12 \"><div role=\"group\" class=\"forminator-field required\" aria-labelledby=\"forminator-checkbox-group-forminator-field-checkbox-3-69dbcc420d081-label\"><span id=\"forminator-checkbox-group-forminator-field-checkbox-3-69dbcc420d081-label\" class=\"forminator-label\">Genel R\u0131za <span class=\"forminator-required\">*<\/span><\/span><label id=\"forminator-field-checkbox-3-1-69dbcc420d081-label\" for=\"forminator-field-checkbox-3-1-69dbcc420d081\" class=\"forminator-checkbox\" title=\"Pineapple Health Tourism\u2019de ki\u015fisel verilerimin i\u015flenmesine ili\u015fkin &lt;a href=&quot;https:\/\/pineapplehealthtourism.com\/tr\/iletisim-izin-metni\/&quot; target=&quot;_blank&quot;&gt;&lt;strong&gt;\u0130leti\u015fim \u0130zni Metni&lt;\/strong&gt;&lt;\/a&gt;ni okudum ve anlad\u0131m.*\"><input type=\"checkbox\" name=\"checkbox-3[]\" value=\"one\" id=\"forminator-field-checkbox-3-1-69dbcc420d081\" aria-labelledby=\"forminator-field-checkbox-3-1-69dbcc420d081-label\" data-calculation=\"0\"   data-hidden-behavior=\"zero\"\/><span class=\"forminator-checkbox-box\" aria-hidden=\"true\"><\/span><span class=\"forminator-checkbox-label\">Pineapple Health Tourism\u2019de ki\u015fisel verilerimin i\u015flenmesine ili\u015fkin <a href=\"https:\/\/pineapplehealthtourism.com\/tr\/iletisim-izin-metni\/\" target=\"_blank\"><strong>\u0130leti\u015fim \u0130zni Metni<\/strong><\/a>ni okudum ve anlad\u0131m.*<\/span><\/label><\/div><\/div><\/div><input type=\"hidden\" name=\"referer_url\" value=\"\" \/><div class=\"forminator-row forminator-row-last\"><div class=\"forminator-col\"><div class=\"forminator-field\"><button class=\"forminator-button forminator-button-submit\">Randevu Al<\/button><\/div><\/div><\/div><input type=\"hidden\" id=\"forminator_nonce\" name=\"forminator_nonce\" value=\"78ffbb630d\" \/><input type=\"hidden\" name=\"_wp_http_referer\" value=\"\/tr\/wp-json\/wp\/v2\/pages\/38603\" \/><input type=\"hidden\" name=\"form_id\" value=\"43\"><input type=\"hidden\" name=\"page_id\" value=\"38603\"><input type=\"hidden\" name=\"form_type\" value=\"default\"><input type=\"hidden\" name=\"current_url\" value=\"https:\/\/pineapplehealthtourism.com\/tr\/randevu-al\/\"><input type=\"hidden\" name=\"render_id\" value=\"0\"><input type=\"hidden\" name=\"action\" value=\"forminator_submit_form_custom-forms\"><\/form><\/div>\r\n\t\t<\/div>\t\t\t\t<\/div>\n\t\t\t\t<\/div>\n\t\t<div class=\"elementor-element elementor-element-94ddbda elementor-hidden-tablet elementor-hidden-phone e-con-full e-flex cmsmasters-bg-hide-none cmsmasters-bg-hide-none cmsmasters-block-default e-con e-child\" data-id=\"94ddbda\" data-element_type=\"container\" data-e-type=\"container\" data-settings=\"{&quot;background_background&quot;:&quot;classic&quot;}\">\n\t\t\t\t<div class=\"elementor-element elementor-element-cf41831 cmsmasters-block-default cmsmasters-sticky-default elementor-widget elementor-widget-spacer\" data-id=\"cf41831\" data-element_type=\"widget\" data-e-type=\"widget\" data-widget_type=\"spacer.default\">\n\t\t\t\t\t\t\t<div class=\"elementor-spacer\">\n\t\t\t<div class=\"elementor-spacer-inner\"><\/div>\n\t\t<\/div>\n\t\t\t\t\t\t<\/div>\n\t\t\t\t<\/div>\n\t\t\t\t\t<\/div>\n\t\t\t\t<\/div>\n\t\t\t\t<\/div>\n\t\t\n\n<div class=\"kk-star-ratings kksr-auto kksr-align-center kksr-valign-bottom\"\n    data-payload='{&quot;align&quot;:&quot;center&quot;,&quot;id&quot;:&quot;38603&quot;,&quot;slug&quot;:&quot;default&quot;,&quot;valign&quot;:&quot;bottom&quot;,&quot;ignore&quot;:&quot;&quot;,&quot;reference&quot;:&quot;auto&quot;,&quot;class&quot;:&quot;&quot;,&quot;count&quot;:&quot;705&quot;,&quot;legendonly&quot;:&quot;&quot;,&quot;readonly&quot;:&quot;&quot;,&quot;score&quot;:&quot;5&quot;,&quot;starsonly&quot;:&quot;&quot;,&quot;best&quot;:&quot;5&quot;,&quot;gap&quot;:&quot;5&quot;,&quot;greet&quot;:&quot;Rate this page&quot;,&quot;legend&quot;:&quot;5\\\/5 - (705 votes)&quot;,&quot;size&quot;:&quot;24&quot;,&quot;title&quot;:&quot;Randevu Al&quot;,&quot;width&quot;:&quot;142.5&quot;,&quot;_legend&quot;:&quot;{score}\\\/{best} - ({count} {votes})&quot;,&quot;font_factor&quot;:&quot;1.25&quot;}'>\n            \n<div class=\"kksr-stars\">\n    \n<div class=\"kksr-stars-inactive\">\n            <div class=\"kksr-star\" data-star=\"1\" style=\"padding-right: 5px\">\n            \n\n<div class=\"kksr-icon\" style=\"width: 24px; height: 24px;\"><\/div>\n        <\/div>\n            <div class=\"kksr-star\" data-star=\"2\" style=\"padding-right: 5px\">\n            \n\n<div class=\"kksr-icon\" style=\"width: 24px; height: 24px;\"><\/div>\n        <\/div>\n            <div class=\"kksr-star\" data-star=\"3\" style=\"padding-right: 5px\">\n            \n\n<div class=\"kksr-icon\" style=\"width: 24px; height: 24px;\"><\/div>\n        <\/div>\n            <div class=\"kksr-star\" data-star=\"4\" style=\"padding-right: 5px\">\n            \n\n<div class=\"kksr-icon\" style=\"width: 24px; height: 24px;\"><\/div>\n        <\/div>\n            <div class=\"kksr-star\" data-star=\"5\" style=\"padding-right: 5px\">\n            \n\n<div class=\"kksr-icon\" style=\"width: 24px; height: 24px;\"><\/div>\n        <\/div>\n    <\/div>\n    \n<div class=\"kksr-stars-active\" style=\"width: 142.5px;\">\n            <div class=\"kksr-star\" style=\"padding-right: 5px\">\n            \n\n<div class=\"kksr-icon\" style=\"width: 24px; height: 24px;\"><\/div>\n        <\/div>\n            <div class=\"kksr-star\" style=\"padding-right: 5px\">\n            \n\n<div class=\"kksr-icon\" style=\"width: 24px; height: 24px;\"><\/div>\n        <\/div>\n            <div class=\"kksr-star\" style=\"padding-right: 5px\">\n            \n\n<div class=\"kksr-icon\" style=\"width: 24px; height: 24px;\"><\/div>\n        <\/div>\n            <div class=\"kksr-star\" style=\"padding-right: 5px\">\n            \n\n<div class=\"kksr-icon\" style=\"width: 24px; height: 24px;\"><\/div>\n        <\/div>\n            <div class=\"kksr-star\" style=\"padding-right: 5px\">\n            \n\n<div class=\"kksr-icon\" style=\"width: 24px; height: 24px;\"><\/div>\n        <\/div>\n    <\/div>\n<\/div>\n                \n\n<div class=\"kksr-legend\" style=\"font-size: 19.2px;\">\n            5\/5 - (705 votes)    <\/div>\n    <\/div>\n","protected":false},"excerpt":{"rendered":"<p>Randevu Talep Edin Pineapple Health Tourism ile randevu talebinizi online olarak birka\u00e7 dakikada iletebilirsiniz \u2013 ekibimiz en k\u0131sa s\u00fcrede size geri d\u00f6n\u00fc\u015f yapacakt\u0131r.<\/p>\n","protected":false},"author":1,"featured_media":0,"parent":0,"menu_order":0,"comment_status":"closed","ping_status":"closed","template":"","meta":{"_acf_changed":false,"footnotes":""},"class_list":["post-38603","page","type-page","status-publish","hentry"],"acf":[],"_hostinger_reach_plugin_has_subscription_block":false,"_hostinger_reach_plugin_is_elementor":false,"_links":{"self":[{"href":"https:\/\/pineapplehealthtourism.com\/tr\/wp-json\/wp\/v2\/pages\/38603","targetHints":{"allow":["GET"]}}],"collection":[{"href":"https:\/\/pineapplehealthtourism.com\/tr\/wp-json\/wp\/v2\/pages"}],"about":[{"href":"https:\/\/pineapplehealthtourism.com\/tr\/wp-json\/wp\/v2\/types\/page"}],"author":[{"embeddable":true,"href":"https:\/\/pineapplehealthtourism.com\/tr\/wp-json\/wp\/v2\/users\/1"}],"replies":[{"embeddable":true,"href":"https:\/\/pineapplehealthtourism.com\/tr\/wp-json\/wp\/v2\/comments?post=38603"}],"version-history":[{"count":37,"href":"https:\/\/pineapplehealthtourism.com\/tr\/wp-json\/wp\/v2\/pages\/38603\/revisions"}],"predecessor-version":[{"id":43123,"href":"https:\/\/pineapplehealthtourism.com\/tr\/wp-json\/wp\/v2\/pages\/38603\/revisions\/43123"}],"wp:attachment":[{"href":"https:\/\/pineapplehealthtourism.com\/tr\/wp-json\/wp\/v2\/media?parent=38603"}],"curies":[{"name":"wp","href":"https:\/\/api.w.org\/{rel}","templated":true}]}}