{"id":40826,"date":"2026-03-12T09:27:53","date_gmt":"2026-03-12T09:27:53","guid":{"rendered":"https:\/\/pineapplehealthtourism.com\/tr\/?page_id=40826"},"modified":"2026-04-04T10:35:04","modified_gmt":"2026-04-04T10:35:04","slug":"sitemap","status":"publish","type":"page","link":"https:\/\/pineapplehealthtourism.com\/tr\/sitemap\/","title":{"rendered":"Site Haritas\u0131"},"content":{"rendered":"<div class=\"rank-math-html-sitemap\"><div class=\"rank-math-html-sitemap__section rank-math-html-sitemap__section--post-type rank-math-html-sitemap__section--post\"><h2 class=\"rank-math-html-sitemap__title\">Yaz\u0131lar<\/h2><ul class=\"rank-math-html-sitemap__list\"><li class=\"rank-math-html-sitemap__item\"><a href=\"https:\/\/pineapplehealthtourism.com\/tr\/istanbulda-annelik-estetigi-mommy-makeover-ile-degisime-hazir-misiniz\/\" class=\"rank-math-html-sitemap__link\">\u0130stanbul\u2019da Annelik Esteti\u011fi: Mommy Makeover ile De\u011fi\u015fime Haz\u0131r M\u0131s\u0131n\u0131z?<\/a><\/li><li class=\"rank-math-html-sitemap__item\"><a href=\"https:\/\/pineapplehealthtourism.com\/tr\/kapsul-kontrakturu-eski-silikonlari-degistirme-ve-yenileme\/\" class=\"rank-math-html-sitemap__link\">Kaps\u00fcl Kontrakt\u00fcr\u00fc: Eski Silikonlar\u0131 De\u011fi\u015ftirme ve Yenileme<\/a><\/li><li class=\"rank-math-html-sitemap__item\"><a href=\"https:\/\/pineapplehealthtourism.com\/tr\/skinny-bbl-zayif-kisiler-bbl-yaptirabilir-mi\/\" class=\"rank-math-html-sitemap__link\">Skinny BBL: Zay\u0131f Ki\u015filer BBL Yapt\u0131rabilir Mi?<\/a><\/li><li class=\"rank-math-html-sitemap__item\"><a href=\"https:\/\/pineapplehealthtourism.com\/tr\/yuz-germe-sonrasi-mimik-kaybi-olur-mu\/\" class=\"rank-math-html-sitemap__link\">Y\u00fcz Germe Sonras\u0131 Mimik Kayb\u0131 Olur Mu?<\/a><\/li><\/ul><\/div><div class=\"rank-math-html-sitemap__section rank-math-html-sitemap__section--post-type rank-math-html-sitemap__section--page\"><h2 class=\"rank-math-html-sitemap__title\">Sayfalar<\/h2><ul class=\"rank-math-html-sitemap__list\"><li class=\"rank-math-html-sitemap__item\"><a href=\"https:\/\/pineapplehealthtourism.com\/tr\/\" class=\"rank-math-html-sitemap__link\">Ana Sayfa<\/a><\/li><li class=\"rank-math-html-sitemap__item\"><a href=\"https:\/\/pineapplehealthtourism.com\/tr\/bize-ulasin\/\" class=\"rank-math-html-sitemap__link\">Bize Ula\u015f\u0131n<\/a><\/li><li class=\"rank-math-html-sitemap__item\"><a href=\"https:\/\/pineapplehealthtourism.com\/tr\/blog\/\" class=\"rank-math-html-sitemap__link\">Blog<\/a><\/li><li class=\"rank-math-html-sitemap__item\"><a href=\"https:\/\/pineapplehealthtourism.com\/tr\/cerez-politikasi\/\" class=\"rank-math-html-sitemap__link\">\u00c7erez Politikas\u0131<\/a><\/li><li class=\"rank-math-html-sitemap__item\"><a href=\"https:\/\/pineapplehealthtourism.com\/tr\/dis-estetigi-turkiye\/\" class=\"rank-math-html-sitemap__link\">Di\u015f Esteti\u011fi<\/a><\/li><li class=\"rank-math-html-sitemap__item\"><a href=\"https:\/\/pineapplehealthtourism.com\/tr\/doktorlarimiz\/\" class=\"rank-math-html-sitemap__link\">Doktorlar\u0131m\u0131z<\/a><\/li><li class=\"rank-math-html-sitemap__item\"><a href=\"https:\/\/pineapplehealthtourism.com\/tr\/estetik-cerrahi-turkiye\/\" class=\"rank-math-html-sitemap__link\">Estetik<\/a><\/li><li class=\"rank-math-html-sitemap__item\"><a href=\"https:\/\/pineapplehealthtourism.com\/tr\/gizlilik-sozlesmesi\/\" class=\"rank-math-html-sitemap__link\">Gizlilik S\u00f6zle\u015fmesi<\/a><\/li><li class=\"rank-math-html-sitemap__item\"><a href=\"https:\/\/pineapplehealthtourism.com\/tr\/hakkimizda\/\" class=\"rank-math-html-sitemap__link\">Hakk\u0131m\u0131zda<\/a><\/li><li class=\"rank-math-html-sitemap__item\"><a href=\"https:\/\/pineapplehealthtourism.com\/tr\/iletisim-izin-metni\/\" class=\"rank-math-html-sitemap__link\">\u0130leti\u015fim \u0130zin Metni<\/a><\/li><li class=\"rank-math-html-sitemap__item\"><a href=\"https:\/\/pineapplehealthtourism.com\/tr\/kvkk\/\" class=\"rank-math-html-sitemap__link\">KVKK Ayd\u0131nlatma Metni<\/a><\/li><li class=\"rank-math-html-sitemap__item\"><a href=\"https:\/\/pineapplehealthtourism.com\/tr\/randevu-al\/\" class=\"rank-math-html-sitemap__link\">Randevu Al<\/a><\/li><li class=\"rank-math-html-sitemap__item\"><a href=\"https:\/\/pineapplehealthtourism.com\/tr\/sac-ekimi-teknikleri-turkiye\/\" class=\"rank-math-html-sitemap__link\">Sa\u00e7 Ekimi<\/a><\/li><li class=\"rank-math-html-sitemap__item\"><a href=\"https:\/\/pineapplehealthtourism.com\/tr\/sertifikalar\/\" class=\"rank-math-html-sitemap__link\">Sertifikalar<\/a><\/li><li class=\"rank-math-html-sitemap__item\"><a href=\"https:\/\/pineapplehealthtourism.com\/tr\/sitemap\/\" class=\"rank-math-html-sitemap__link\">Site Haritas\u0131<\/a><\/li><li class=\"rank-math-html-sitemap__item\"><a href=\"https:\/\/pineapplehealthtourism.com\/tr\/sss\/\" class=\"rank-math-html-sitemap__link\">SSS<\/a><\/li><\/ul><\/div><div class=\"rank-math-html-sitemap__section rank-math-html-sitemap__section--post-type rank-math-html-sitemap__section--hizmetler\"><h2 class=\"rank-math-html-sitemap__title\">Hizmetler<\/h2><ul class=\"rank-math-html-sitemap__list\"><li class=\"rank-math-html-sitemap__item\"><a href=\"https:\/\/pineapplehealthtourism.com\/tr\/hizmetler\/7-24-destek-ekibi\/\" class=\"rank-math-html-sitemap__link\">7\/24 Destek Ekibi<\/a><\/li><li class=\"rank-math-html-sitemap__item\"><a href=\"https:\/\/pineapplehealthtourism.com\/tr\/hizmetler\/neden-turkiye\/\" class=\"rank-math-html-sitemap__link\">Neden T\u00fcrkiye?<\/a><\/li><li class=\"rank-math-html-sitemap__item\"><a href=\"https:\/\/pineapplehealthtourism.com\/tr\/hizmetler\/saglik-turizmi-vip-transfer\/\" class=\"rank-math-html-sitemap__link\">Sa\u011fl\u0131k Turizmi VIP Transfer<\/a><\/li><li class=\"rank-math-html-sitemap__item\"><a href=\"https:\/\/pineapplehealthtourism.com\/tr\/hizmetler\/turkiyede-yag-enjeksiyonu\/\" class=\"rank-math-html-sitemap__link\">T\u00fcrkiye&#039;de Ya\u011f Enjeksiyonu<\/a><\/li><li class=\"rank-math-html-sitemap__item\"><a href=\"https:\/\/pineapplehealthtourism.com\/tr\/hizmetler\/turkiyede-annelik-estetigi-mommy-makeover\/\" class=\"rank-math-html-sitemap__link\">T\u00fcrkiye\u2019de Annelik Esteti\u011fi (Mommy Makeover)<\/a><\/li><li class=\"rank-math-html-sitemap__item\"><a href=\"https:\/\/pineapplehealthtourism.com\/tr\/hizmetler\/turkiyede-brezilya-popo-estetigi-bbl\/\" class=\"rank-math-html-sitemap__link\">T\u00fcrkiye\u2019de Brezilya Popo Esteti\u011fi (BBL)<\/a><\/li><li class=\"rank-math-html-sitemap__item\"><a href=\"https:\/\/pineapplehealthtourism.com\/tr\/hizmetler\/turkiyede-burun-estetigi\/\" class=\"rank-math-html-sitemap__link\">T\u00fcrkiye\u2019de Burun Esteti\u011fi<\/a><\/li><li class=\"rank-math-html-sitemap__item\"><a href=\"https:\/\/pineapplehealthtourism.com\/tr\/hizmetler\/turkiyede-derin-plan-yuz-germe\/\" class=\"rank-math-html-sitemap__link\">T\u00fcrkiye\u2019de Derin Plan Y\u00fcz Germe<\/a><\/li><li class=\"rank-math-html-sitemap__item\"><a href=\"https:\/\/pineapplehealthtourism.com\/tr\/hizmetler\/turkiyede-dhi-sac-ekimi\/\" class=\"rank-math-html-sitemap__link\">T\u00fcrkiye\u2019de DHI Sa\u00e7 Ekimi<\/a><\/li><li class=\"rank-math-html-sitemap__item\"><a href=\"https:\/\/pineapplehealthtourism.com\/tr\/hizmetler\/turkiyede-dis-implanti\/\" class=\"rank-math-html-sitemap__link\">T\u00fcrkiye\u2019de Di\u015f \u0130mplant\u0131<\/a><\/li><li class=\"rank-math-html-sitemap__item\"><a href=\"https:\/\/pineapplehealthtourism.com\/tr\/hizmetler\/turkiyede-dis-kaplama\/\" class=\"rank-math-html-sitemap__link\">T\u00fcrkiye\u2019de Di\u015f Kaplama<\/a><\/li><li class=\"rank-math-html-sitemap__item\"><a href=\"https:\/\/pineapplehealthtourism.com\/tr\/hizmetler\/turkiyede-endoskopik-kas-kaldirma\/\" class=\"rank-math-html-sitemap__link\">T\u00fcrkiye\u2019de Endoskopik Ka\u015f Kald\u0131rma<\/a><\/li><li class=\"rank-math-html-sitemap__item\"><a href=\"https:\/\/pineapplehealthtourism.com\/tr\/hizmetler\/turkiyede-endoskopik-orta-yuz-germe\/\" class=\"rank-math-html-sitemap__link\">T\u00fcrkiye\u2019de Endoskopik Orta Y\u00fcz Germe<\/a><\/li><li class=\"rank-math-html-sitemap__item\"><a href=\"https:\/\/pineapplehealthtourism.com\/tr\/hizmetler\/turkiyede-genital-estetik\/\" class=\"rank-math-html-sitemap__link\">T\u00fcrkiye\u2019de Genital Estetik<\/a><\/li><li class=\"rank-math-html-sitemap__item\"><a href=\"https:\/\/pineapplehealthtourism.com\/tr\/hizmetler\/turkiyede-gogus-buyutme-ameliyati\/\" class=\"rank-math-html-sitemap__link\">T\u00fcrkiye\u2019de G\u00f6\u011f\u00fcs B\u00fcy\u00fctme Ameliyat\u0131<\/a><\/li><li class=\"rank-math-html-sitemap__item\"><a href=\"https:\/\/pineapplehealthtourism.com\/tr\/hizmetler\/turkiyede-gogus-kucultme-ameliyati\/\" class=\"rank-math-html-sitemap__link\">T\u00fcrkiye\u2019de G\u00f6\u011f\u00fcs K\u00fc\u00e7\u00fcltme Ameliyat\u0131<\/a><\/li><li class=\"rank-math-html-sitemap__item\"><a href=\"https:\/\/pineapplehealthtourism.com\/tr\/hizmetler\/turkiyede-goz-kapagi-estetigi\/\" class=\"rank-math-html-sitemap__link\">T\u00fcrkiye\u2019de G\u00f6z Kapa\u011f\u0131 Esteti\u011fi<\/a><\/li><li class=\"rank-math-html-sitemap__item\"><a href=\"https:\/\/pineapplehealthtourism.com\/tr\/hizmetler\/turkiyede-jinekomasti-ameliyati\/\" class=\"rank-math-html-sitemap__link\">T\u00fcrkiye\u2019de Jinekomasti Ameliyat\u0131<\/a><\/li><li class=\"rank-math-html-sitemap__item\"><a href=\"https:\/\/pineapplehealthtourism.com\/tr\/hizmetler\/turkiyede-karin-germe-ameliyati\/\" class=\"rank-math-html-sitemap__link\">T\u00fcrkiye\u2019de Kar\u0131n Germe Ameliyat\u0131<\/a><\/li><li class=\"rank-math-html-sitemap__item\"><a href=\"https:\/\/pineapplehealthtourism.com\/tr\/hizmetler\/turkiyede-kas-ekimi\/\" class=\"rank-math-html-sitemap__link\">T\u00fcrkiye\u2019de Ka\u015f Ekimi<\/a><\/li><li class=\"rank-math-html-sitemap__item\"><a href=\"https:\/\/pineapplehealthtourism.com\/tr\/hizmetler\/turkiyede-kol-germe-ameliyati\/\" class=\"rank-math-html-sitemap__link\">T\u00fcrkiye\u2019de Kol Germe Ameliyat\u0131<\/a><\/li><li class=\"rank-math-html-sitemap__item\"><a href=\"https:\/\/pineapplehealthtourism.com\/tr\/hizmetler\/turkiyede-liposuction-vaser-liposuction\/\" class=\"rank-math-html-sitemap__link\">T\u00fcrkiye\u2019de Liposuction (Vaser Liposuction)<\/a><\/li><li class=\"rank-math-html-sitemap__item\"><a href=\"https:\/\/pineapplehealthtourism.com\/tr\/hizmetler\/turkiyede-sac-ekimi\/\" class=\"rank-math-html-sitemap__link\">T\u00fcrkiye\u2019de Sa\u00e7 Ekimi<\/a><\/li><li class=\"rank-math-html-sitemap__item\"><a href=\"https:\/\/pineapplehealthtourism.com\/tr\/hizmetler\/turkiyede-safir-fue-sac-ekimi\/\" class=\"rank-math-html-sitemap__link\">T\u00fcrkiye\u2019de Safir FUE Sa\u00e7 Ekimi<\/a><\/li><li class=\"rank-math-html-sitemap__item\"><a href=\"https:\/\/pineapplehealthtourism.com\/tr\/hizmetler\/turkiyede-sakal-ve-biyik-ekimi\/\" class=\"rank-math-html-sitemap__link\">T\u00fcrkiye\u2019de Sakal ve B\u0131y\u0131k Ekimi<\/a><\/li><li class=\"rank-math-html-sitemap__item\"><a href=\"https:\/\/pineapplehealthtourism.com\/tr\/hizmetler\/turkiyede-uyluk-germe\/\" class=\"rank-math-html-sitemap__link\">T\u00fcrkiye\u2019de Uyluk Germe<\/a><\/li><li class=\"rank-math-html-sitemap__item\"><a href=\"https:\/\/pineapplehealthtourism.com\/tr\/hizmetler\/turkiyede-yuz-ve-boyun-germe\/\" class=\"rank-math-html-sitemap__link\">T\u00fcrkiye\u2019de Y\u00fcz ve Boyun Germe<\/a><\/li><\/ul><\/div><div class=\"rank-math-html-sitemap__section rank-math-html-sitemap__section--post-type rank-math-html-sitemap__section--doktorlar\"><h2 class=\"rank-math-html-sitemap__title\">Doktorlar<\/h2><ul class=\"rank-math-html-sitemap__list\"><li class=\"rank-math-html-sitemap__item\"><a href=\"https:\/\/pineapplehealthtourism.com\/tr\/doktorlar\/doc-dr-sedat-tatar\/\" class=\"rank-math-html-sitemap__link\">Do\u00e7. Dr. Sedat Tatar<\/a><\/li><li class=\"rank-math-html-sitemap__item\"><a href=\"https:\/\/pineapplehealthtourism.com\/tr\/doktorlar\/dr-gokhan-akkok\/\" class=\"rank-math-html-sitemap__link\">Dr. G\u00f6khan Akk\u00f6k<\/a><\/li><li class=\"rank-math-html-sitemap__item\"><a href=\"https:\/\/pineapplehealthtourism.com\/tr\/doktorlar\/prof-dr-ismail-kucuker\/\" class=\"rank-math-html-sitemap__link\">Prof. Dr. \u0130smail K\u00fc\u00e7\u00fcker<\/a><\/li><\/ul><\/div><div class=\"rank-math-html-sitemap__section rank-math-html-sitemap__section--taxonomy rank-math-html-sitemap__section--category\"><h2 class=\"rank-math-html-sitemap__title\">Kategoriler<\/h2><ul class=\"rank-math-html-sitemap__list\"><li class=\"rank-math-html-sitemap__item\"><a href=\"https:\/\/pineapplehealthtourism.com\/tr\/kategori\/annelik-estetigi\/\" class=\"rank-math-html-sitemap__link\">Annelik Esteti\u011fi<\/a><\/li><li class=\"rank-math-html-sitemap__item\"><a href=\"https:\/\/pineapplehealthtourism.com\/tr\/kategori\/blog\/\" class=\"rank-math-html-sitemap__link\">Blog<\/a><\/li><li class=\"rank-math-html-sitemap__item\"><a href=\"https:\/\/pineapplehealthtourism.com\/tr\/kategori\/meme-estetigi\/\" class=\"rank-math-html-sitemap__link\">Meme Esteti\u011fi<\/a><\/li><li class=\"rank-math-html-sitemap__item\"><a href=\"https:\/\/pineapplehealthtourism.com\/tr\/kategori\/vucut-sekillendirme\/\" class=\"rank-math-html-sitemap__link\">V\u00fccut \u015eekillendirme<\/a><\/li><li class=\"rank-math-html-sitemap__item\"><a href=\"https:\/\/pineapplehealthtourism.com\/tr\/kategori\/yuz-estetigi\/\" class=\"rank-math-html-sitemap__link\">Y\u00fcz Esteti\u011fi<\/a><\/li><\/ul><\/div><div class=\"rank-math-html-sitemap__section rank-math-html-sitemap__section--taxonomy rank-math-html-sitemap__section--hizmet-kategorisi\"><h2 class=\"rank-math-html-sitemap__title\">Hizmet Kategorileri<\/h2><ul class=\"rank-math-html-sitemap__list\"><li class=\"rank-math-html-sitemap__item\"><a href=\"https:\/\/pineapplehealthtourism.com\/tr\/hizmet-kategorisi\/dis-estetigi-turkiye\/\" class=\"rank-math-html-sitemap__link\">Di\u015f Esteti\u011fi<\/a><\/li><li class=\"rank-math-html-sitemap__item\"><a href=\"https:\/\/pineapplehealthtourism.com\/tr\/hizmet-kategorisi\/kesfet\/\" class=\"rank-math-html-sitemap__link\">Ke\u015ffet<\/a><\/li><li class=\"rank-math-html-sitemap__item\"><a href=\"https:\/\/pineapplehealthtourism.com\/tr\/hizmet-kategorisi\/meme-estetigi-turkiye\/\" class=\"rank-math-html-sitemap__link\">Meme Esteti\u011fi<\/a><\/li><li class=\"rank-math-html-sitemap__item\"><a href=\"https:\/\/pineapplehealthtourism.com\/tr\/hizmet-kategorisi\/sac-ekimi-teknikleri-turkiye\/\" class=\"rank-math-html-sitemap__link\">Sa\u00e7 Ekimi<\/a><\/li><li class=\"rank-math-html-sitemap__item\"><a href=\"https:\/\/pineapplehealthtourism.com\/tr\/hizmet-kategorisi\/vucut-estetigi-turkiye\/\" class=\"rank-math-html-sitemap__link\">V\u00fccut Esteti\u011fi<\/a><\/li><li class=\"rank-math-html-sitemap__item\"><a href=\"https:\/\/pineapplehealthtourism.com\/tr\/hizmet-kategorisi\/yuz-estetigi-turkiye\/\" class=\"rank-math-html-sitemap__link\">Y\u00fcz Esteti\u011fi<\/a><\/li><\/ul><\/div><\/div>\n\n\n<div class=\"kk-star-ratings kksr-auto kksr-align-center kksr-valign-bottom\"\n    data-payload='{&quot;align&quot;:&quot;center&quot;,&quot;id&quot;:&quot;40826&quot;,&quot;slug&quot;:&quot;default&quot;,&quot;valign&quot;:&quot;bottom&quot;,&quot;ignore&quot;:&quot;&quot;,&quot;reference&quot;:&quot;auto&quot;,&quot;class&quot;:&quot;&quot;,&quot;count&quot;:&quot;787&quot;,&quot;legendonly&quot;:&quot;&quot;,&quot;readonly&quot;:&quot;&quot;,&quot;score&quot;:&quot;5&quot;,&quot;starsonly&quot;:&quot;&quot;,&quot;best&quot;:&quot;5&quot;,&quot;gap&quot;:&quot;5&quot;,&quot;greet&quot;:&quot;Rate this page&quot;,&quot;legend&quot;:&quot;5\\\/5 - (787 votes)&quot;,&quot;size&quot;:&quot;24&quot;,&quot;title&quot;:&quot;Site Haritas\u0131&quot;,&quot;width&quot;:&quot;142.5&quot;,&quot;_legend&quot;:&quot;{score}\\\/{best} - ({count} {votes})&quot;,&quot;font_factor&quot;:&quot;1.25&quot;}'>\n            \n<div class=\"kksr-stars\">\n    \n<div class=\"kksr-stars-inactive\">\n            <div class=\"kksr-star\" data-star=\"1\" style=\"padding-right: 5px\">\n            \n\n<div class=\"kksr-icon\" style=\"width: 24px; height: 24px;\"><\/div>\n        <\/div>\n            <div class=\"kksr-star\" data-star=\"2\" style=\"padding-right: 5px\">\n            \n\n<div class=\"kksr-icon\" style=\"width: 24px; height: 24px;\"><\/div>\n        <\/div>\n            <div class=\"kksr-star\" data-star=\"3\" style=\"padding-right: 5px\">\n            \n\n<div class=\"kksr-icon\" style=\"width: 24px; height: 24px;\"><\/div>\n        <\/div>\n            <div class=\"kksr-star\" data-star=\"4\" style=\"padding-right: 5px\">\n            \n\n<div class=\"kksr-icon\" style=\"width: 24px; height: 24px;\"><\/div>\n        <\/div>\n            <div class=\"kksr-star\" data-star=\"5\" style=\"padding-right: 5px\">\n            \n\n<div class=\"kksr-icon\" style=\"width: 24px; height: 24px;\"><\/div>\n        <\/div>\n    <\/div>\n    \n<div class=\"kksr-stars-active\" style=\"width: 142.5px;\">\n            <div class=\"kksr-star\" style=\"padding-right: 5px\">\n            \n\n<div class=\"kksr-icon\" style=\"width: 24px; height: 24px;\"><\/div>\n        <\/div>\n            <div class=\"kksr-star\" style=\"padding-right: 5px\">\n            \n\n<div class=\"kksr-icon\" style=\"width: 24px; height: 24px;\"><\/div>\n        <\/div>\n            <div class=\"kksr-star\" style=\"padding-right: 5px\">\n            \n\n<div class=\"kksr-icon\" style=\"width: 24px; height: 24px;\"><\/div>\n        <\/div>\n            <div class=\"kksr-star\" style=\"padding-right: 5px\">\n            \n\n<div class=\"kksr-icon\" style=\"width: 24px; height: 24px;\"><\/div>\n        <\/div>\n            <div class=\"kksr-star\" style=\"padding-right: 5px\">\n            \n\n<div class=\"kksr-icon\" style=\"width: 24px; height: 24px;\"><\/div>\n        <\/div>\n    <\/div>\n<\/div>\n                \n\n<div class=\"kksr-legend\" style=\"font-size: 19.2px;\">\n            5\/5 - (787 votes)    <\/div>\n    <\/div>\n","protected":false},"excerpt":{"rendered":"","protected":false},"author":1,"featured_media":0,"parent":0,"menu_order":0,"comment_status":"closed","ping_status":"closed","template":"","meta":{"_acf_changed":false,"footnotes":""},"class_list":["post-40826","page","type-page","status-publish","hentry"],"acf":[],"_hostinger_reach_plugin_has_subscription_block":false,"_hostinger_reach_plugin_is_elementor":false,"_links":{"self":[{"href":"https:\/\/pineapplehealthtourism.com\/tr\/wp-json\/wp\/v2\/pages\/40826","targetHints":{"allow":["GET"]}}],"collection":[{"href":"https:\/\/pineapplehealthtourism.com\/tr\/wp-json\/wp\/v2\/pages"}],"about":[{"href":"https:\/\/pineapplehealthtourism.com\/tr\/wp-json\/wp\/v2\/types\/page"}],"author":[{"embeddable":true,"href":"https:\/\/pineapplehealthtourism.com\/tr\/wp-json\/wp\/v2\/users\/1"}],"replies":[{"embeddable":true,"href":"https:\/\/pineapplehealthtourism.com\/tr\/wp-json\/wp\/v2\/comments?post=40826"}],"version-history":[{"count":3,"href":"https:\/\/pineapplehealthtourism.com\/tr\/wp-json\/wp\/v2\/pages\/40826\/revisions"}],"predecessor-version":[{"id":43073,"href":"https:\/\/pineapplehealthtourism.com\/tr\/wp-json\/wp\/v2\/pages\/40826\/revisions\/43073"}],"wp:attachment":[{"href":"https:\/\/pineapplehealthtourism.com\/tr\/wp-json\/wp\/v2\/media?parent=40826"}],"curies":[{"name":"wp","href":"https:\/\/api.w.org\/{rel}","templated":true}]}}