{"id":41179,"date":"2026-03-13T12:53:42","date_gmt":"2026-03-13T12:53:42","guid":{"rendered":"https:\/\/pineapplehealthtourism.com\/tr\/?page_id=41179"},"modified":"2026-04-04T10:30:41","modified_gmt":"2026-04-04T10:30:41","slug":"dis-estetigi-turkiye","status":"publish","type":"page","link":"https:\/\/pineapplehealthtourism.com\/tr\/dis-estetigi-turkiye\/","title":{"rendered":"Di\u015f Esteti\u011fi"},"content":{"rendered":"\t\t<div data-elementor-type=\"wp-page\" data-elementor-id=\"41179\" class=\"elementor elementor-41179\">\n\t\t\t\t<div class=\"elementor-element elementor-element-1dead8c e-flex e-con-boxed cmsmasters-bg-hide-none cmsmasters-bg-hide-none cmsmasters-block-default e-con e-parent\" data-id=\"1dead8c\" data-element_type=\"container\" data-e-type=\"container\" data-settings=\"{&quot;background_background&quot;:&quot;classic&quot;}\">\n\t\t\t\t\t<div class=\"e-con-inner\">\n\t\t\t\t<div class=\"elementor-element elementor-element-11784a3 elementor-widget__width-initial cmsmasters-block-default cmsmasters-sticky-default elementor-invisible elementor-widget elementor-widget-heading\" data-id=\"11784a3\" data-element_type=\"widget\" data-e-type=\"widget\" data-settings=\"{&quot;_animation&quot;:&quot;cmsmasters-fade-in-up&quot;}\" data-widget_type=\"heading.default\">\n\t\t\t\t\t<h1 class=\"elementor-heading-title elementor-size-default\">T\u00fcrkiye\u2019de Di\u015f Esteti\u011fi<\/h1>\t\t\t\t<\/div>\n\t\t\t\t<div class=\"elementor-element elementor-element-933ce93 elementor-widget__width-initial elementor-widget-tablet__width-initial cmsmasters-block-default cmsmasters-sticky-default elementor-invisible elementor-widget elementor-widget-text-editor\" data-id=\"933ce93\" data-element_type=\"widget\" data-e-type=\"widget\" data-settings=\"{&quot;_animation&quot;:&quot;cmsmasters-fade-in-up&quot;,&quot;_animation_delay&quot;:200}\" data-widget_type=\"text-editor.default\">\n\t\t\t\t\t\t\t\t\t<p data-start=\"141\" data-end=\"380\">Pineapple Health Tourism, T\u00fcrkiye\u2019de modern kliniklerde deneyimli estetik di\u015f hekimleri taraf\u0131ndan sunulan kapsaml\u0131 di\u015f esteti\u011fi \u00e7\u00f6z\u00fcmleri ile do\u011fal ve kusursuz bir g\u00fcl\u00fc\u015f kazanman\u0131za yard\u0131mc\u0131 oluyor. Zirkonyum kaplamalar, veneerler ve implantlar gibi ileri seviye estetik uygulamalarla hem sa\u011fl\u0131kl\u0131 hem de estetik a\u00e7\u0131dan m\u00fckemmel sonu\u00e7lar elde edebilirsiniz.<\/p>\t\t\t\t\t\t\t\t<\/div>\n\t\t\t\t\t<\/div>\n\t\t\t\t<\/div>\n\t\t<div class=\"elementor-element elementor-element-b16a047 e-flex e-con-boxed cmsmasters-block-default e-con e-parent\" data-id=\"b16a047\" data-element_type=\"container\" data-e-type=\"container\">\n\t\t\t\t\t<div class=\"e-con-inner\">\n\t\t\t\t<div class=\"elementor-element elementor-element-e2bf295 cmsmasters-blog--layout-custom elementor-widget-mobile__width-inherit animated-slow cmsmasters-blog-grid-marker__marker-icon cmsmasters-block-default cmsmasters-sticky-default elementor-invisible elementor-widget elementor-widget-cmsmasters-blog-grid elementor-widget-cmsmasters-blog-similar\" data-id=\"e2bf295\" data-element_type=\"widget\" data-e-type=\"widget\" data-settings=\"{&quot;blog_layout&quot;:&quot;custom&quot;,&quot;blog_template_id&quot;:&quot;104&quot;,&quot;columns_tablet&quot;:&quot;2&quot;,&quot;post_gap_column&quot;:{&quot;unit&quot;:&quot;px&quot;,&quot;size&quot;:30,&quot;sizes&quot;:[]},&quot;post_gap_row&quot;:{&quot;unit&quot;:&quot;px&quot;,&quot;size&quot;:30,&quot;sizes&quot;:[]},&quot;blog_post_type&quot;:&quot;hizmetler&quot;,&quot;_animation&quot;:&quot;cmsmasters-fade-in&quot;,&quot;columns&quot;:&quot;3&quot;,&quot;columns_mobile&quot;:&quot;1&quot;,&quot;query_control_prefix&quot;:&quot;blog&quot;,&quot;post_gap_column_widescreen&quot;:{&quot;unit&quot;:&quot;px&quot;,&quot;size&quot;:&quot;&quot;,&quot;sizes&quot;:[]},&quot;post_gap_column_tablet&quot;:{&quot;unit&quot;:&quot;px&quot;,&quot;size&quot;:&quot;&quot;,&quot;sizes&quot;:[]},&quot;post_gap_row_widescreen&quot;:{&quot;unit&quot;:&quot;px&quot;,&quot;size&quot;:&quot;&quot;,&quot;sizes&quot;:[]},&quot;post_gap_row_tablet&quot;:{&quot;unit&quot;:&quot;px&quot;,&quot;size&quot;:&quot;&quot;,&quot;sizes&quot;:[]},&quot;post_gap_row_mobile&quot;:{&quot;unit&quot;:&quot;px&quot;,&quot;size&quot;:&quot;&quot;,&quot;sizes&quot;:[]}}\" data-widget_type=\"cmsmasters-blog-grid.default\" data-document-id=\"41179\">\n\t\t\t\t\t<div class=\"cmsmasters-blog cmsmasters-blog-grid cmsmasters-blog--type-default\"><div class=\"cmsmasters-blog__posts-variable\"><div class=\"cmsmasters-blog__posts-wrap\"><div class=\"cmsmasters-blog__posts\"><article id=\"post-41186\" class=\"cmsmasters-blog__post post-41186 hizmetler type-hizmetler status-publish has-post-thumbnail hentry hizmet-kategorisi-dis-estetigi-turkiye\"><div class=\"cmsmasters-blog__post-inner\"><style>.post-41186 .elementor-element.elementor-element-45ab1c7b:not(.elementor-motion-effects-element-type-background):not(.cmsmasters-bg-effect), .post-41186 .elementor-element.elementor-element-45ab1c7b > .elementor-motion-effects-container > .elementor-motion-effects-layer, .post-41186 .elementor-element.elementor-element-45ab1c7b > .cmsmasters-bg-effects-container > .cmsmasters-bg-effects-element{background-image:url(\"https:\/\/pineapplehealthtourism.com\/tr\/wp-content\/uploads\/2026\/03\/turkiye-dis-implanti-tedavisi.webp\");}<\/style><div data-elementor-type=\"cmsmasters_entry\" data-elementor-id=\"104\" class=\"elementor elementor-104\">\t\t\t<div class=\"elementor-inner\">\r\n\t\t\t\t<div class=\"elementor-section-wrap\">\r\n\t\t\t\t\t<div class=\"elementor-element elementor-element-45ab1c7b e-con-full e-flex cmsmasters-bg-hide-none cmsmasters-bg-hide-none cmsmasters-block-default e-con e-parent\" data-id=\"45ab1c7b\" data-element_type=\"container\" data-e-type=\"container\" data-settings=\"{&quot;background_background&quot;:&quot;classic&quot;}\">\n\t\t<div class=\"elementor-element elementor-element-7d49dbb0 e-con-full e-flex cmsmasters-block-default e-con e-child\" data-id=\"7d49dbb0\" data-element_type=\"container\" data-e-type=\"container\" data-settings=\"{&quot;position&quot;:&quot;absolute&quot;}\">\n\t\t\t\t<div data-separate-animation-selector=\".cmsmasters-widget-title__heading\" data-text-animation-class=\"sequental, random, line, word, char\" class=\"elementor-element elementor-element-363277cc cmsmasters-line-clamp-no cmsmasters-color-variation-default cmsmasters-pointer-none cmsmasters-block-default cmsmasters-sticky-default elementor-widget elementor-widget-cmsmasters-post-title cmsmasters-widget-title\" data-id=\"363277cc\" data-element_type=\"widget\" data-e-type=\"widget\" data-widget_type=\"cmsmasters-post-title.default\">\n\t\t\t\t\t<h4 class=\"entry-title cmsmasters-widget-title__heading\"><a href=\"https:\/\/pineapplehealthtourism.com\/tr\/hizmetler\/turkiyede-dis-implanti\/\">T\u00fcrkiye\u2019de Di\u015f \u0130mplant\u0131<\/a><\/h4>\t\t\t\t<\/div>\n\t\t\t\t<\/div>\n\t\t\t\t<div class=\"elementor-element elementor-element-2c7c672a elementor-absolute cmsmasters-block-default cmsmasters-sticky-default elementor-widget elementor-widget-cmsmasters-button\" data-id=\"2c7c672a\" data-element_type=\"widget\" data-e-type=\"widget\" data-settings=\"{&quot;_position&quot;:&quot;absolute&quot;}\" data-widget_type=\"cmsmasters-button.default\">\n\t\t\t\t\t<div class=\"elementor-widget-cmsmasters-button__button-container\"><div class=\"elementor-widget-cmsmasters-button__button-container-inner\"><a href=\"https:\/\/pineapplehealthtourism.com\/tr\/hizmetler\/turkiyede-dis-implanti\/\" class=\"cmsmasters-button-link elementor-widget-cmsmasters-button__button cmsmasters-icon-view- cmsmasters-icon-shape- cmsmasters-button-size-sm\" role=\"button\" tabindex=\"0\"><span class=\"elementor-widget-cmsmasters-button__content-wrapper cmsmasters-align-icon-\"><span class=\"elementor-widget-cmsmasters-button__text\">Detayl\u0131 Bilgi<\/span><\/span><\/a><\/div><\/div>\t\t\t\t<\/div>\n\t\t\t\t<\/div>\n\t\t\t\t\t\t<\/div>\r\n\t\t\t<\/div>\r\n\t\t<\/div><\/div><\/article><article id=\"post-41184\" class=\"cmsmasters-blog__post post-41184 hizmetler type-hizmetler status-publish has-post-thumbnail hentry hizmet-kategorisi-dis-estetigi-turkiye\"><div class=\"cmsmasters-blog__post-inner\"><style>.post-41184 .elementor-element.elementor-element-45ab1c7b:not(.elementor-motion-effects-element-type-background):not(.cmsmasters-bg-effect), .post-41184 .elementor-element.elementor-element-45ab1c7b > .elementor-motion-effects-container > .elementor-motion-effects-layer, .post-41184 .elementor-element.elementor-element-45ab1c7b > .cmsmasters-bg-effects-container > .cmsmasters-bg-effects-element{background-image:url(\"https:\/\/pineapplehealthtourism.com\/tr\/wp-content\/uploads\/2026\/03\/turkiye-dis-kaplama-tedavisi.webp\");}<\/style><div data-elementor-type=\"cmsmasters_entry\" data-elementor-id=\"104\" class=\"elementor elementor-104\">\t\t\t<div class=\"elementor-inner\">\r\n\t\t\t\t<div class=\"elementor-section-wrap\">\r\n\t\t\t\t\t<div class=\"elementor-element elementor-element-45ab1c7b e-con-full e-flex cmsmasters-bg-hide-none cmsmasters-bg-hide-none cmsmasters-block-default e-con e-parent\" data-id=\"45ab1c7b\" data-element_type=\"container\" data-e-type=\"container\" data-settings=\"{&quot;background_background&quot;:&quot;classic&quot;}\">\n\t\t<div class=\"elementor-element elementor-element-7d49dbb0 e-con-full e-flex cmsmasters-block-default e-con e-child\" data-id=\"7d49dbb0\" data-element_type=\"container\" data-e-type=\"container\" data-settings=\"{&quot;position&quot;:&quot;absolute&quot;}\">\n\t\t\t\t<div data-separate-animation-selector=\".cmsmasters-widget-title__heading\" data-text-animation-class=\"sequental, random, line, word, char\" class=\"elementor-element elementor-element-363277cc cmsmasters-line-clamp-no cmsmasters-color-variation-default cmsmasters-pointer-none cmsmasters-block-default cmsmasters-sticky-default elementor-widget elementor-widget-cmsmasters-post-title cmsmasters-widget-title\" data-id=\"363277cc\" data-element_type=\"widget\" data-e-type=\"widget\" data-widget_type=\"cmsmasters-post-title.default\">\n\t\t\t\t\t<h4 class=\"entry-title cmsmasters-widget-title__heading\"><a href=\"https:\/\/pineapplehealthtourism.com\/tr\/hizmetler\/turkiyede-dis-kaplama\/\">T\u00fcrkiye\u2019de Di\u015f Kaplama<\/a><\/h4>\t\t\t\t<\/div>\n\t\t\t\t<\/div>\n\t\t\t\t<div class=\"elementor-element elementor-element-2c7c672a elementor-absolute cmsmasters-block-default cmsmasters-sticky-default elementor-widget elementor-widget-cmsmasters-button\" data-id=\"2c7c672a\" data-element_type=\"widget\" data-e-type=\"widget\" data-settings=\"{&quot;_position&quot;:&quot;absolute&quot;}\" data-widget_type=\"cmsmasters-button.default\">\n\t\t\t\t\t<div class=\"elementor-widget-cmsmasters-button__button-container\"><div class=\"elementor-widget-cmsmasters-button__button-container-inner\"><a href=\"https:\/\/pineapplehealthtourism.com\/tr\/hizmetler\/turkiyede-dis-kaplama\/\" class=\"cmsmasters-button-link elementor-widget-cmsmasters-button__button cmsmasters-icon-view- cmsmasters-icon-shape- cmsmasters-button-size-sm\" role=\"button\" tabindex=\"0\"><span class=\"elementor-widget-cmsmasters-button__content-wrapper cmsmasters-align-icon-\"><span class=\"elementor-widget-cmsmasters-button__text\">Detayl\u0131 Bilgi<\/span><\/span><\/a><\/div><\/div>\t\t\t\t<\/div>\n\t\t\t\t<\/div>\n\t\t\t\t\t\t<\/div>\r\n\t\t\t<\/div>\r\n\t\t<\/div><\/div><\/article><\/div><\/div><\/div><\/div>\t\t\t\t<\/div>\n\t\t\t\t\t<\/div>\n\t\t\t\t<\/div>\n\t\t<div class=\"elementor-element elementor-element-2a6aa20 e-flex e-con-boxed cmsmasters-block-default e-con e-parent\" data-id=\"2a6aa20\" data-element_type=\"container\" data-e-type=\"container\">\n\t\t\t\t\t<div class=\"e-con-inner\">\n\t\t<div class=\"elementor-element elementor-element-cbd2dd4 e-con-full animated-slow e-flex cmsmasters-block-default elementor-invisible e-con e-child\" data-id=\"cbd2dd4\" data-element_type=\"container\" data-e-type=\"container\" data-settings=\"{&quot;animation&quot;:&quot;cmsmasters-fade-in&quot;}\">\n\t\t\t\t<div class=\"elementor-element elementor-element-c841c65 cmsmasters-block-default cmsmasters-sticky-default elementor-widget elementor-widget-image\" data-id=\"c841c65\" data-element_type=\"widget\" data-e-type=\"widget\" data-widget_type=\"image.default\">\n\t\t\t\t\t\t\t\t\t\t\t\t\t\t\t<img fetchpriority=\"high\" decoding=\"async\" width=\"1024\" height=\"985\" src=\"https:\/\/pineapplehealthtourism.com\/tr\/wp-content\/uploads\/2026\/03\/gelismis-dis-bakim-klinigi-1024x985.webp\" class=\"attachment-large size-large wp-image-42205\" alt=\"Modern bir klinikte do\u011fal g\u00fcl\u00fc\u015f tasar\u0131m\u0131 i\u00e7in implant ve porselen lamine (veneer) tedavisi uygulayan uzman di\u015f hekimi.\" srcset=\"https:\/\/pineapplehealthtourism.com\/tr\/wp-content\/uploads\/2026\/03\/gelismis-dis-bakim-klinigi-1024x985.webp 1024w, https:\/\/pineapplehealthtourism.com\/tr\/wp-content\/uploads\/2026\/03\/gelismis-dis-bakim-klinigi-300x289.webp 300w, https:\/\/pineapplehealthtourism.com\/tr\/wp-content\/uploads\/2026\/03\/gelismis-dis-bakim-klinigi-768x739.webp 768w, https:\/\/pineapplehealthtourism.com\/tr\/wp-content\/uploads\/2026\/03\/gelismis-dis-bakim-klinigi-312x300.webp 312w, https:\/\/pineapplehealthtourism.com\/tr\/wp-content\/uploads\/2026\/03\/gelismis-dis-bakim-klinigi.webp 1180w\" sizes=\"(max-width: 1024px) 100vw, 1024px\" \/>\t\t\t\t\t\t\t\t\t\t\t\t\t\t\t<\/div>\n\t\t\t\t<\/div>\n\t\t<div class=\"elementor-element elementor-element-b7fcc56 e-con-full e-flex cmsmasters-block-default e-con e-child\" data-id=\"b7fcc56\" data-element_type=\"container\" data-e-type=\"container\">\n\t\t\t\t<div class=\"elementor-element elementor-element-7f6e907 cmsmasters-block-default cmsmasters-sticky-default elementor-invisible elementor-widget elementor-widget-button\" data-id=\"7f6e907\" data-element_type=\"widget\" data-e-type=\"widget\" data-settings=\"{&quot;_animation&quot;:&quot;cmsmasters-fade-in-up&quot;}\" data-widget_type=\"button.default\">\n\t\t\t\t\t\t\t\t\t\t<a class=\"elementor-button elementor-size-sm\" role=\"button\">\n\t\t\t\t\t\t<span class=\"elementor-button-content-wrapper\">\n\t\t\t\t\t\t\t\t\t<span class=\"elementor-button-text\">T\u00fcrkiye\u2019de Di\u015f Esteti\u011fi<\/span>\n\t\t\t\t\t<\/span>\n\t\t\t\t\t<\/a>\n\t\t\t\t\t\t\t\t<\/div>\n\t\t\t\t<div class=\"elementor-element elementor-element-7bab000 cmsmasters-block-default cmsmasters-sticky-default elementor-invisible elementor-widget elementor-widget-heading\" data-id=\"7bab000\" data-element_type=\"widget\" data-e-type=\"widget\" data-settings=\"{&quot;_animation&quot;:&quot;cmsmasters-fade-in-up&quot;,&quot;_animation_delay&quot;:200}\" data-widget_type=\"heading.default\">\n\t\t\t\t\t<h2 class=\"elementor-heading-title elementor-size-default\">G\u00fcl\u00fc\u015f\u00fcn\u00fcz\u00fc Uzman Ellerle Yeniden Kazan\u0131n<\/h2>\t\t\t\t<\/div>\n\t\t\t\t<div class=\"elementor-element elementor-element-7960356 cmsmasters-block-default cmsmasters-sticky-default elementor-invisible elementor-widget elementor-widget-text-editor\" data-id=\"7960356\" data-element_type=\"widget\" data-e-type=\"widget\" data-settings=\"{&quot;_animation&quot;:&quot;cmsmasters-fade-in-up&quot;,&quot;_animation_delay&quot;:300}\" data-widget_type=\"text-editor.default\">\n\t\t\t\t\t\t\t\t\t<p data-start=\"188\" data-end=\"753\">Pineapple Health Tourism, T\u00fcrkiye\u2019yi estetik di\u015f tedavisinde \u00f6nc\u00fc bir merkez haline getiriyor. Di\u015f kaplamalar\u0131, zirkonyum kronlar ve implantlar gibi ileri seviye uygulamalarla, deneyimli estetik di\u015f hekimlerimiz sa\u011fl\u0131kl\u0131, do\u011fal ve kal\u0131c\u0131 bir g\u00fcl\u00fc\u015f sunuyor. Dan\u0131\u015fmanl\u0131ktan sonras\u0131 bak\u0131ma kadar her a\u015famada ki\u015fiye \u00f6zel destek, konforlu konaklama ve tam rehberlik sa\u011fl\u0131yoruz.<\/p>\t\t\t\t\t\t\t\t<\/div>\n\t\t\t\t<\/div>\n\t\t\t\t\t<\/div>\n\t\t\t\t<\/div>\n\t\t\t\t<\/div>\n\t\t\n\n<div class=\"kk-star-ratings kksr-auto kksr-align-center kksr-valign-bottom\"\n    data-payload='{&quot;align&quot;:&quot;center&quot;,&quot;id&quot;:&quot;41184&quot;,&quot;slug&quot;:&quot;default&quot;,&quot;valign&quot;:&quot;bottom&quot;,&quot;ignore&quot;:&quot;&quot;,&quot;reference&quot;:&quot;auto&quot;,&quot;class&quot;:&quot;&quot;,&quot;count&quot;:&quot;745&quot;,&quot;legendonly&quot;:&quot;&quot;,&quot;readonly&quot;:&quot;&quot;,&quot;score&quot;:&quot;5&quot;,&quot;starsonly&quot;:&quot;&quot;,&quot;best&quot;:&quot;5&quot;,&quot;gap&quot;:&quot;5&quot;,&quot;greet&quot;:&quot;Rate this hizmetler&quot;,&quot;legend&quot;:&quot;5\\\/5 - (745 votes)&quot;,&quot;size&quot;:&quot;24&quot;,&quot;title&quot;:&quot;T\u00fcrkiye\u2019de Di\u015f Kaplama&quot;,&quot;width&quot;:&quot;142.5&quot;,&quot;_legend&quot;:&quot;{score}\\\/{best} - ({count} {votes})&quot;,&quot;font_factor&quot;:&quot;1.25&quot;}'>\n            \n<div class=\"kksr-stars\">\n    \n<div class=\"kksr-stars-inactive\">\n            <div class=\"kksr-star\" data-star=\"1\" style=\"padding-right: 5px\">\n            \n\n<div class=\"kksr-icon\" style=\"width: 24px; height: 24px;\"><\/div>\n        <\/div>\n            <div class=\"kksr-star\" data-star=\"2\" style=\"padding-right: 5px\">\n            \n\n<div class=\"kksr-icon\" style=\"width: 24px; height: 24px;\"><\/div>\n        <\/div>\n            <div class=\"kksr-star\" data-star=\"3\" style=\"padding-right: 5px\">\n            \n\n<div class=\"kksr-icon\" style=\"width: 24px; height: 24px;\"><\/div>\n        <\/div>\n            <div class=\"kksr-star\" data-star=\"4\" style=\"padding-right: 5px\">\n            \n\n<div class=\"kksr-icon\" style=\"width: 24px; height: 24px;\"><\/div>\n        <\/div>\n            <div class=\"kksr-star\" data-star=\"5\" style=\"padding-right: 5px\">\n            \n\n<div class=\"kksr-icon\" style=\"width: 24px; height: 24px;\"><\/div>\n        <\/div>\n    <\/div>\n    \n<div class=\"kksr-stars-active\" style=\"width: 142.5px;\">\n            <div class=\"kksr-star\" style=\"padding-right: 5px\">\n            \n\n<div class=\"kksr-icon\" style=\"width: 24px; height: 24px;\"><\/div>\n        <\/div>\n            <div class=\"kksr-star\" style=\"padding-right: 5px\">\n            \n\n<div class=\"kksr-icon\" style=\"width: 24px; height: 24px;\"><\/div>\n        <\/div>\n            <div class=\"kksr-star\" style=\"padding-right: 5px\">\n            \n\n<div class=\"kksr-icon\" style=\"width: 24px; height: 24px;\"><\/div>\n        <\/div>\n            <div class=\"kksr-star\" style=\"padding-right: 5px\">\n            \n\n<div class=\"kksr-icon\" style=\"width: 24px; height: 24px;\"><\/div>\n        <\/div>\n            <div class=\"kksr-star\" style=\"padding-right: 5px\">\n            \n\n<div class=\"kksr-icon\" style=\"width: 24px; height: 24px;\"><\/div>\n        <\/div>\n    <\/div>\n<\/div>\n                \n\n<div class=\"kksr-legend\" style=\"font-size: 19.2px;\">\n            5\/5 - (745 votes)    <\/div>\n    <\/div>\n","protected":false},"excerpt":{"rendered":"<p>T\u00fcrkiye\u2019de Di\u015f Esteti\u011fi Pineapple Health Tourism, T\u00fcrkiye\u2019de modern kliniklerde deneyimli estetik di\u015f hekimleri taraf\u0131ndan sunulan kapsaml\u0131 di\u015f esteti\u011fi \u00e7\u00f6z\u00fcmleri ile do\u011fal ve kusursuz bir g\u00fcl\u00fc\u015f kazanman\u0131za yard\u0131mc\u0131 oluyor. Zirkonyum kaplamalar, veneerler ve implantlar gibi ileri seviye estetik uygulamalarla hem sa\u011fl\u0131kl\u0131 hem de estetik a\u00e7\u0131dan m\u00fckemmel sonu\u00e7lar elde edebilirsiniz. T\u00fcrkiye\u2019de Di\u015f Esteti\u011fi G\u00fcl\u00fc\u015f\u00fcn\u00fcz\u00fc Uzman Ellerle Yeniden&#8230;<\/p>\n","protected":false},"author":1,"featured_media":0,"parent":0,"menu_order":0,"comment_status":"closed","ping_status":"closed","template":"","meta":{"_acf_changed":false,"footnotes":""},"class_list":["post-41179","page","type-page","status-publish","hentry"],"acf":[],"_hostinger_reach_plugin_has_subscription_block":false,"_hostinger_reach_plugin_is_elementor":false,"_links":{"self":[{"href":"https:\/\/pineapplehealthtourism.com\/tr\/wp-json\/wp\/v2\/pages\/41179","targetHints":{"allow":["GET"]}}],"collection":[{"href":"https:\/\/pineapplehealthtourism.com\/tr\/wp-json\/wp\/v2\/pages"}],"about":[{"href":"https:\/\/pineapplehealthtourism.com\/tr\/wp-json\/wp\/v2\/types\/page"}],"author":[{"embeddable":true,"href":"https:\/\/pineapplehealthtourism.com\/tr\/wp-json\/wp\/v2\/users\/1"}],"replies":[{"embeddable":true,"href":"https:\/\/pineapplehealthtourism.com\/tr\/wp-json\/wp\/v2\/comments?post=41179"}],"version-history":[{"count":38,"href":"https:\/\/pineapplehealthtourism.com\/tr\/wp-json\/wp\/v2\/pages\/41179\/revisions"}],"predecessor-version":[{"id":44208,"href":"https:\/\/pineapplehealthtourism.com\/tr\/wp-json\/wp\/v2\/pages\/41179\/revisions\/44208"}],"wp:attachment":[{"href":"https:\/\/pineapplehealthtourism.com\/tr\/wp-json\/wp\/v2\/media?parent=41179"}],"curies":[{"name":"wp","href":"https:\/\/api.w.org\/{rel}","templated":true}]}}