{"id":42229,"date":"2026-03-17T14:22:38","date_gmt":"2026-03-17T14:22:38","guid":{"rendered":"https:\/\/pineapplehealthtourism.com\/tr\/?page_id=42229"},"modified":"2026-04-04T10:34:39","modified_gmt":"2026-04-04T10:34:39","slug":"sertifikalar","status":"publish","type":"page","link":"https:\/\/pineapplehealthtourism.com\/tr\/sertifikalar\/","title":{"rendered":"Sertifikalar"},"content":{"rendered":"\t\t<div data-elementor-type=\"wp-page\" data-elementor-id=\"42229\" class=\"elementor elementor-42229\">\n\t\t\t\t<div class=\"elementor-element elementor-element-c8cfedf e-con-full e-flex cmsmasters-block-default e-con e-parent\" data-id=\"c8cfedf\" data-element_type=\"container\" data-e-type=\"container\">\n\t\t<div class=\"elementor-element elementor-element-8ea4348 e-con-full e-flex cmsmasters-bg-hide-none cmsmasters-bg-hide-none cmsmasters-block-default e-con e-child\" data-id=\"8ea4348\" data-element_type=\"container\" data-e-type=\"container\" data-settings=\"{&quot;background_background&quot;:&quot;classic&quot;}\">\n\t\t\t\t<div class=\"elementor-element elementor-element-ea63868 cmsmasters-block-default cmsmasters-sticky-default elementor-widget elementor-widget-spacer\" data-id=\"ea63868\" data-element_type=\"widget\" data-e-type=\"widget\" data-widget_type=\"spacer.default\">\n\t\t\t\t\t\t\t<div class=\"elementor-spacer\">\n\t\t\t<div class=\"elementor-spacer-inner\"><\/div>\n\t\t<\/div>\n\t\t\t\t\t\t<\/div>\n\t\t\t\t<\/div>\n\t\t<div class=\"elementor-element elementor-element-c5011b4 e-con-full e-flex cmsmasters-bg-hide-none cmsmasters-bg-hide-none cmsmasters-block-default e-con e-child\" data-id=\"c5011b4\" data-element_type=\"container\" data-e-type=\"container\" data-settings=\"{&quot;background_background&quot;:&quot;classic&quot;}\">\n\t\t\t\t<div class=\"elementor-element elementor-element-85da8b4 cmsmasters-block-default cmsmasters-sticky-default elementor-invisible elementor-widget elementor-widget-button\" data-id=\"85da8b4\" data-element_type=\"widget\" data-e-type=\"widget\" data-settings=\"{&quot;_animation&quot;:&quot;cmsmasters-fade-in-up&quot;}\" data-widget_type=\"button.default\">\n\t\t\t\t\t\t\t\t\t\t<a class=\"elementor-button elementor-size-sm\" role=\"button\">\n\t\t\t\t\t\t<span class=\"elementor-button-content-wrapper\">\n\t\t\t\t\t\t\t\t\t<span class=\"elementor-button-text\">Sertifikalar\u0131m\u0131z ve Akreditasyonlar\u0131m\u0131z<\/span>\n\t\t\t\t\t<\/span>\n\t\t\t\t\t<\/a>\n\t\t\t\t\t\t\t\t<\/div>\n\t\t\t\t<div class=\"elementor-element elementor-element-44fa369 cmsmasters-block-default cmsmasters-sticky-default elementor-invisible elementor-widget elementor-widget-heading\" data-id=\"44fa369\" data-element_type=\"widget\" data-e-type=\"widget\" data-settings=\"{&quot;_animation&quot;:&quot;cmsmasters-fade-in-up&quot;,&quot;_animation_delay&quot;:200}\" data-widget_type=\"heading.default\">\n\t\t\t\t\t<h1 class=\"elementor-heading-title elementor-size-default\">Uluslararas\u0131 Standartlarda G\u00fcvenli Tedavi S\u00fcre\u00e7leri<\/h1>\t\t\t\t<\/div>\n\t\t\t\t<div class=\"elementor-element elementor-element-0927b95 cmsmasters-block-default cmsmasters-sticky-default elementor-invisible elementor-widget elementor-widget-text-editor\" data-id=\"0927b95\" data-element_type=\"widget\" data-e-type=\"widget\" data-settings=\"{&quot;_animation&quot;:&quot;cmsmasters-fade-in-up&quot;,&quot;_animation_delay&quot;:300}\" data-widget_type=\"text-editor.default\">\n\t\t\t\t\t\t\t\t\t<p>Uluslararas\u0131 akreditasyona sahip kliniklerle \u00e7al\u0131\u015farak, t\u00fcm s\u00fcre\u00e7lerimizde hasta g\u00fcvenli\u011fini ve y\u00fcksek hizmet standartlar\u0131n\u0131 \u00f6nceliklendiriyoruz. Pineapple g\u00fcvencesiyle, d\u00fcnya standartlar\u0131nda t\u0131bbi bak\u0131ma ula\u015fman\u0131z\u0131 sa\u011fl\u0131yoruz.<\/p>\t\t\t\t\t\t\t\t<\/div>\n\t\t\t\t<\/div>\n\t\t\t\t<\/div>\n\t\t<div class=\"elementor-element elementor-element-739d881 e-flex e-con-boxed cmsmasters-block-default e-con e-parent\" data-id=\"739d881\" data-element_type=\"container\" data-e-type=\"container\">\n\t\t\t\t\t<div class=\"e-con-inner\">\n\t\t<div class=\"elementor-element elementor-element-3fceefb e-con-full e-flex cmsmasters-block-default e-con e-child\" data-id=\"3fceefb\" data-element_type=\"container\" data-e-type=\"container\">\n\t\t\t\t<div data-separate-animation-selector=\".elementor-widget-cmsmasters-gallery__item\" data-text-animation-class=\"sequental, random\" class=\"elementor-element elementor-element-78be542 cmsmasters-block-default cmsmasters-sticky-default elementor-widget elementor-widget-cmsmasters-gallery\" data-id=\"78be542\" data-element_type=\"widget\" data-e-type=\"widget\" data-settings=\"{&quot;gallery_layout&quot;:&quot;grid&quot;,&quot;columns&quot;:3,&quot;link_to&quot;:&quot;file&quot;,&quot;columns_tablet&quot;:2,&quot;columns_mobile&quot;:1,&quot;gap&quot;:{&quot;unit&quot;:&quot;px&quot;,&quot;size&quot;:10,&quot;sizes&quot;:[]},&quot;gap_widescreen&quot;:{&quot;unit&quot;:&quot;px&quot;,&quot;size&quot;:&quot;&quot;,&quot;sizes&quot;:[]},&quot;gap_tablet&quot;:{&quot;unit&quot;:&quot;px&quot;,&quot;size&quot;:10,&quot;sizes&quot;:[]},&quot;gap_mobile&quot;:{&quot;unit&quot;:&quot;px&quot;,&quot;size&quot;:10,&quot;sizes&quot;:[]},&quot;vertical_gap&quot;:{&quot;unit&quot;:&quot;px&quot;,&quot;size&quot;:&quot;&quot;,&quot;sizes&quot;:[]},&quot;vertical_gap_widescreen&quot;:{&quot;unit&quot;:&quot;px&quot;,&quot;size&quot;:&quot;&quot;,&quot;sizes&quot;:[]},&quot;vertical_gap_tablet&quot;:{&quot;unit&quot;:&quot;px&quot;,&quot;size&quot;:&quot;&quot;,&quot;sizes&quot;:[]},&quot;vertical_gap_mobile&quot;:{&quot;unit&quot;:&quot;px&quot;,&quot;size&quot;:&quot;&quot;,&quot;sizes&quot;:[]},&quot;aspect_ratio&quot;:&quot;3:2&quot;,&quot;lazyload&quot;:&quot;yes&quot;}\" data-widget_type=\"cmsmasters-gallery.default\">\n\t\t\t\t\t<div class=\"elementor-widget-cmsmasters-gallery__container\"><a class=\"e-gallery-item elementor-widget-cmsmasters-gallery__item\" alt=\"Gallery item image\" aria-label=\"Gallery item image\" data-elementor-lightbox-slideshow=\"78be542\" href=\"https:\/\/pineapplehealthtourism.com\/tr\/wp-content\/uploads\/2026\/04\/piheapple-health-tourism-ticaret-odasi-belgesi.png\"><div alt=\"Gallery item image\" class=\"e-gallery-image elementor-widget-cmsmasters-gallery__item-image\" data-thumbnail=\"https:\/\/pineapplehealthtourism.com\/tr\/wp-content\/uploads\/2026\/04\/piheapple-health-tourism-ticaret-odasi-belgesi.png\" data-width=\"1823\" data-height=\"1285\"><\/div><\/a><a class=\"e-gallery-item elementor-widget-cmsmasters-gallery__item\" alt=\"Gallery item image\" aria-label=\"Gallery item image\" data-elementor-lightbox-slideshow=\"78be542\" href=\"https:\/\/pineapplehealthtourism.com\/tr\/wp-content\/uploads\/2026\/04\/pineapple-health-tourism-isletme-belgesi-scaled.png\"><div alt=\"Gallery item image\" class=\"e-gallery-image elementor-widget-cmsmasters-gallery__item-image\" data-thumbnail=\"https:\/\/pineapplehealthtourism.com\/tr\/wp-content\/uploads\/2026\/04\/pineapple-health-tourism-isletme-belgesi-scaled.png\" data-width=\"1820\" data-height=\"2560\"><\/div><\/a><a class=\"e-gallery-item elementor-widget-cmsmasters-gallery__item\" alt=\"Uluslararas\u0131 Estetik Plastik Cerrahi Derne\u011fi (ISAPS) \u00fcyesi Do\u00e7. Dr. Sedat Tatar&#039;\u0131n d\u00fcnya standartlar\u0131ndaki estetik cerrahi uzmanl\u0131\u011f\u0131.\" aria-label=\"Uluslararas\u0131 Estetik Plastik Cerrahi Derne\u011fi (ISAPS) \u00fcyesi Do\u00e7. Dr. Sedat Tatar&#039;\u0131n d\u00fcnya standartlar\u0131ndaki estetik cerrahi uzmanl\u0131\u011f\u0131.\" data-elementor-lightbox-slideshow=\"78be542\" href=\"https:\/\/pineapplehealthtourism.com\/tr\/wp-content\/uploads\/2026\/03\/dr-sedat-tatar-uluslararasi-plastik-cerrahi-dernegi-isaps.webp\"><div alt=\"Uluslararas\u0131 Estetik Plastik Cerrahi Derne\u011fi (ISAPS) \u00fcyesi Do\u00e7. Dr. Sedat Tatar&#039;\u0131n d\u00fcnya standartlar\u0131ndaki estetik cerrahi uzmanl\u0131\u011f\u0131.\" class=\"e-gallery-image elementor-widget-cmsmasters-gallery__item-image\" data-thumbnail=\"https:\/\/pineapplehealthtourism.com\/tr\/wp-content\/uploads\/2026\/03\/dr-sedat-tatar-uluslararasi-plastik-cerrahi-dernegi-isaps.webp\" data-width=\"1033\" data-height=\"782\"><\/div><\/a><a class=\"e-gallery-item elementor-widget-cmsmasters-gallery__item\" alt=\"T\u00fcrkiye&#039;nin en iyi plastik cerrah\u0131 Do\u00e7. Dr. Sedat Tatar&#039;\u0131n uzmanl\u0131\u011f\u0131yla ger\u00e7ekle\u015ftirilen profesyonel estetik ve cerrahi i\u015flemler.\" aria-label=\"T\u00fcrkiye&#039;nin en iyi plastik cerrah\u0131 Do\u00e7. Dr. Sedat Tatar&#039;\u0131n uzmanl\u0131\u011f\u0131yla ger\u00e7ekle\u015ftirilen profesyonel estetik ve cerrahi i\u015flemler.\" data-elementor-lightbox-slideshow=\"78be542\" href=\"https:\/\/pineapplehealthtourism.com\/tr\/wp-content\/uploads\/2026\/03\/sedat-tatar-turkiyenin-en-iyi-plastik-cerrahi2.webp\"><div alt=\"T\u00fcrkiye&#039;nin en iyi plastik cerrah\u0131 Do\u00e7. Dr. Sedat Tatar&#039;\u0131n uzmanl\u0131\u011f\u0131yla ger\u00e7ekle\u015ftirilen profesyonel estetik ve cerrahi i\u015flemler.\" class=\"e-gallery-image elementor-widget-cmsmasters-gallery__item-image\" data-thumbnail=\"https:\/\/pineapplehealthtourism.com\/tr\/wp-content\/uploads\/2026\/03\/sedat-tatar-turkiyenin-en-iyi-plastik-cerrahi2.webp\" data-width=\"1300\" data-height=\"868\"><\/div><\/a><a class=\"e-gallery-item elementor-widget-cmsmasters-gallery__item\" alt=\"T\u00fcrkiye&#039;nin en iyi plastik cerrahi hizmetlerini sunan Do\u00e7. Dr. Sedat Tatar&#039;\u0131n modern klinik uygulamalar\u0131 ve estetik operasyonlar\u0131.\" aria-label=\"T\u00fcrkiye&#039;nin en iyi plastik cerrahi hizmetlerini sunan Do\u00e7. Dr. Sedat Tatar&#039;\u0131n modern klinik uygulamalar\u0131 ve estetik operasyonlar\u0131.\" data-elementor-lightbox-slideshow=\"78be542\" href=\"https:\/\/pineapplehealthtourism.com\/tr\/wp-content\/uploads\/2026\/03\/sedat-tatar-turkiyenin-en-iyi-plastik-cerrahisi.webp\"><div alt=\"T\u00fcrkiye&#039;nin en iyi plastik cerrahi hizmetlerini sunan Do\u00e7. Dr. Sedat Tatar&#039;\u0131n modern klinik uygulamalar\u0131 ve estetik operasyonlar\u0131.\" class=\"e-gallery-image elementor-widget-cmsmasters-gallery__item-image\" data-thumbnail=\"https:\/\/pineapplehealthtourism.com\/tr\/wp-content\/uploads\/2026\/03\/sedat-tatar-turkiyenin-en-iyi-plastik-cerrahisi.webp\" data-width=\"1300\" data-height=\"868\"><\/div><\/a><a class=\"e-gallery-item elementor-widget-cmsmasters-gallery__item\" alt=\"\u0130stanbul&#039;un en iyi plastik cerrahi kliniklerinden birinde Do\u00e7. Dr. Sedat Tatar taraf\u0131ndan sunulan profesyonel estetik hizmetleri.\" aria-label=\"\u0130stanbul&#039;un en iyi plastik cerrahi kliniklerinden birinde Do\u00e7. Dr. Sedat Tatar taraf\u0131ndan sunulan profesyonel estetik hizmetleri.\" data-elementor-lightbox-slideshow=\"78be542\" href=\"https:\/\/pineapplehealthtourism.com\/tr\/wp-content\/uploads\/2026\/03\/istanbul-en-iyi-plastik-cerrahi-sedat-tatar1.webp\"><div alt=\"\u0130stanbul&#039;un en iyi plastik cerrahi kliniklerinden birinde Do\u00e7. Dr. Sedat Tatar taraf\u0131ndan sunulan profesyonel estetik hizmetleri.\" class=\"e-gallery-image elementor-widget-cmsmasters-gallery__item-image\" data-thumbnail=\"https:\/\/pineapplehealthtourism.com\/tr\/wp-content\/uploads\/2026\/03\/istanbul-en-iyi-plastik-cerrahi-sedat-tatar1.webp\" data-width=\"1300\" data-height=\"868\"><\/div><\/a><a class=\"e-gallery-item elementor-widget-cmsmasters-gallery__item\" alt=\"T\u00fcrkiye&#039;nin en iyi estetik cerrahlar\u0131ndan Do\u00e7. Dr. Sedat Tatar taraf\u0131ndan ger\u00e7ekle\u015ftirilen profesyonel plastik cerrahi uygulamalar\u0131.\" aria-label=\"T\u00fcrkiye&#039;nin en iyi estetik cerrahlar\u0131ndan Do\u00e7. Dr. Sedat Tatar taraf\u0131ndan ger\u00e7ekle\u015ftirilen profesyonel plastik cerrahi uygulamalar\u0131.\" data-elementor-lightbox-slideshow=\"78be542\" href=\"https:\/\/pineapplehealthtourism.com\/tr\/wp-content\/uploads\/2026\/03\/sedat-tatar-turkiyenin-en-iyi-estetik-cerrahi1.webp\"><div alt=\"T\u00fcrkiye&#039;nin en iyi estetik cerrahlar\u0131ndan Do\u00e7. Dr. Sedat Tatar taraf\u0131ndan ger\u00e7ekle\u015ftirilen profesyonel plastik cerrahi uygulamalar\u0131.\" class=\"e-gallery-image elementor-widget-cmsmasters-gallery__item-image\" data-thumbnail=\"https:\/\/pineapplehealthtourism.com\/tr\/wp-content\/uploads\/2026\/03\/sedat-tatar-turkiyenin-en-iyi-estetik-cerrahi1.webp\" data-width=\"1000\" data-height=\"1333\"><\/div><\/a><a class=\"e-gallery-item elementor-widget-cmsmasters-gallery__item\" alt=\"T\u00fcrkiye&#039;deki en iyi estetik cerrahi hizmetleri: Do\u00e7. Dr. Sedat Tatar&#039;\u0131n uzmanl\u0131\u011f\u0131 ve modern teknikleriyle do\u011fal, g\u00fcvenli ve ba\u015far\u0131l\u0131 sonu\u00e7lar.\" aria-label=\"T\u00fcrkiye&#039;deki en iyi estetik cerrahi hizmetleri: Do\u00e7. Dr. Sedat Tatar&#039;\u0131n uzmanl\u0131\u011f\u0131 ve modern teknikleriyle do\u011fal, g\u00fcvenli ve ba\u015far\u0131l\u0131 sonu\u00e7lar.\" data-elementor-lightbox-slideshow=\"78be542\" href=\"https:\/\/pineapplehealthtourism.com\/tr\/wp-content\/uploads\/2026\/03\/sedat-tatar-turkiyenin-en-iyi-estetik-cerrahi.webp\"><div alt=\"T\u00fcrkiye&#039;deki en iyi estetik cerrahi hizmetleri: Do\u00e7. Dr. Sedat Tatar&#039;\u0131n uzmanl\u0131\u011f\u0131 ve modern teknikleriyle do\u011fal, g\u00fcvenli ve ba\u015far\u0131l\u0131 sonu\u00e7lar.\" class=\"e-gallery-image elementor-widget-cmsmasters-gallery__item-image\" data-thumbnail=\"https:\/\/pineapplehealthtourism.com\/tr\/wp-content\/uploads\/2026\/03\/sedat-tatar-turkiyenin-en-iyi-estetik-cerrahi.webp\" data-width=\"1000\" data-height=\"1333\"><\/div><\/a><a class=\"e-gallery-item elementor-widget-cmsmasters-gallery__item\" alt=\"\u0130stanbul\u2019un kalbinde, d\u00fcnya standartlar\u0131nda teknikler ve ki\u015fiye \u00f6zel analizlerle en iyi estetik cerrahi deneyimini sunan Do\u00e7. Dr. Sedat Tatar.\" aria-label=\"\u0130stanbul\u2019un kalbinde, d\u00fcnya standartlar\u0131nda teknikler ve ki\u015fiye \u00f6zel analizlerle en iyi estetik cerrahi deneyimini sunan Do\u00e7. Dr. Sedat Tatar.\" data-elementor-lightbox-slideshow=\"78be542\" href=\"https:\/\/pineapplehealthtourism.com\/tr\/wp-content\/uploads\/2026\/03\/sedat-tatar-istanbulun-en-iyi-estetik-cerrahisi.webp\"><div alt=\"\u0130stanbul\u2019un kalbinde, d\u00fcnya standartlar\u0131nda teknikler ve ki\u015fiye \u00f6zel analizlerle en iyi estetik cerrahi deneyimini sunan Do\u00e7. Dr. Sedat Tatar.\" class=\"e-gallery-image elementor-widget-cmsmasters-gallery__item-image\" data-thumbnail=\"https:\/\/pineapplehealthtourism.com\/tr\/wp-content\/uploads\/2026\/03\/sedat-tatar-istanbulun-en-iyi-estetik-cerrahisi.webp\" data-width=\"1300\" data-height=\"868\"><\/div><\/a><a class=\"e-gallery-item elementor-widget-cmsmasters-gallery__item\" alt=\"D\u00fcnyan\u0131n en prestijli plastik cerrahi topluluklar\u0131ndan biri olan Amerikan Plastik Cerrahi Derne\u011fi (ASPS) \u00fcyesi olan Do\u00e7. Dr. Sedat Tatar, k\u00fcresel standartlarda cerrahi yetkinlik, etik de\u011ferler ve g\u00fcvenilirlik sunmaktad\u0131r.\" aria-label=\"D\u00fcnyan\u0131n en prestijli plastik cerrahi topluluklar\u0131ndan biri olan Amerikan Plastik Cerrahi Derne\u011fi (ASPS) \u00fcyesi olan Do\u00e7. Dr. Sedat Tatar, k\u00fcresel standartlarda cerrahi yetkinlik, etik de\u011ferler ve g\u00fcvenilirlik sunmaktad\u0131r.\" data-elementor-lightbox-slideshow=\"78be542\" href=\"https:\/\/pineapplehealthtourism.com\/tr\/wp-content\/uploads\/2026\/03\/dr-sedat-tatar-amerikan-plastik-cerrahi-dernegi-asps.webp\"><div alt=\"D\u00fcnyan\u0131n en prestijli plastik cerrahi topluluklar\u0131ndan biri olan Amerikan Plastik Cerrahi Derne\u011fi (ASPS) \u00fcyesi olan Do\u00e7. Dr. Sedat Tatar, k\u00fcresel standartlarda cerrahi yetkinlik, etik de\u011ferler ve g\u00fcvenilirlik sunmaktad\u0131r.\" class=\"e-gallery-image elementor-widget-cmsmasters-gallery__item-image\" data-thumbnail=\"https:\/\/pineapplehealthtourism.com\/tr\/wp-content\/uploads\/2026\/03\/dr-sedat-tatar-amerikan-plastik-cerrahi-dernegi-asps.webp\" data-width=\"1037\" data-height=\"791\"><\/div><\/a><a class=\"e-gallery-item elementor-widget-cmsmasters-gallery__item\" alt=\"\u0130stanbul&#039;da modern bir klinikte hastas\u0131na profesyonel estetik cerrahi dan\u0131\u015fmanl\u0131\u011f\u0131 veren en iyi plastik cerrah Do\u00e7. Dr. Sedat Tatar.\" aria-label=\"\u0130stanbul&#039;da modern bir klinikte hastas\u0131na profesyonel estetik cerrahi dan\u0131\u015fmanl\u0131\u011f\u0131 veren en iyi plastik cerrah Do\u00e7. Dr. Sedat Tatar.\" data-elementor-lightbox-slideshow=\"78be542\" href=\"https:\/\/pineapplehealthtourism.com\/tr\/wp-content\/uploads\/2026\/03\/istanbul-en-iyi-plastik-cerrah-sedat-tatar3.webp\"><div alt=\"\u0130stanbul&#039;da modern bir klinikte hastas\u0131na profesyonel estetik cerrahi dan\u0131\u015fmanl\u0131\u011f\u0131 veren en iyi plastik cerrah Do\u00e7. Dr. Sedat Tatar.\" class=\"e-gallery-image elementor-widget-cmsmasters-gallery__item-image\" data-thumbnail=\"https:\/\/pineapplehealthtourism.com\/tr\/wp-content\/uploads\/2026\/03\/istanbul-en-iyi-plastik-cerrah-sedat-tatar3.webp\" data-width=\"1024\" data-height=\"684\"><\/div><\/a><a class=\"e-gallery-item elementor-widget-cmsmasters-gallery__item\" alt=\"\u0130stanbul\u2019da Do\u00e7. Dr. Sedat Tatar taraf\u0131ndan ger\u00e7ekle\u015ftirilen modern estetik ve plastik cerrahi uygulamalar\u0131.\" aria-label=\"\u0130stanbul\u2019da Do\u00e7. Dr. Sedat Tatar taraf\u0131ndan ger\u00e7ekle\u015ftirilen modern estetik ve plastik cerrahi uygulamalar\u0131.\" data-elementor-lightbox-slideshow=\"78be542\" href=\"https:\/\/pineapplehealthtourism.com\/tr\/wp-content\/uploads\/2026\/03\/istanbul-estetik-plastik-cerrahi-sedat-tatar.webp\"><div alt=\"\u0130stanbul\u2019da Do\u00e7. Dr. Sedat Tatar taraf\u0131ndan ger\u00e7ekle\u015ftirilen modern estetik ve plastik cerrahi uygulamalar\u0131.\" class=\"e-gallery-image elementor-widget-cmsmasters-gallery__item-image\" data-thumbnail=\"https:\/\/pineapplehealthtourism.com\/tr\/wp-content\/uploads\/2026\/03\/istanbul-estetik-plastik-cerrahi-sedat-tatar.webp\" data-width=\"1000\" data-height=\"500\"><\/div><\/a><a class=\"e-gallery-item elementor-widget-cmsmasters-gallery__item\" alt=\"Do\u00e7. Dr. Sedat Tatar&#039;\u0131n \u0130stanbul&#039;daki klini\u011finde uluslararas\u0131 standartlara uygun olarak sundu\u011fu sa\u011fl\u0131k turizmi hizmetlerini belgeleyen, T\u00fcrkiye Cumhuriyeti Sa\u011fl\u0131k Bakanl\u0131\u011f\u0131 onayl\u0131 resmi yetki belgesi.\" aria-label=\"Do\u00e7. Dr. Sedat Tatar&#039;\u0131n \u0130stanbul&#039;daki klini\u011finde uluslararas\u0131 standartlara uygun olarak sundu\u011fu sa\u011fl\u0131k turizmi hizmetlerini belgeleyen, T\u00fcrkiye Cumhuriyeti Sa\u011fl\u0131k Bakanl\u0131\u011f\u0131 onayl\u0131 resmi yetki belgesi.\" data-elementor-lightbox-slideshow=\"78be542\" href=\"https:\/\/pineapplehealthtourism.com\/tr\/wp-content\/uploads\/2026\/03\/istanbul-dr-sedat-tatar-saglik-turizmi-yetki-belgesi.webp\"><div alt=\"Do\u00e7. Dr. Sedat Tatar&#039;\u0131n \u0130stanbul&#039;daki klini\u011finde uluslararas\u0131 standartlara uygun olarak sundu\u011fu sa\u011fl\u0131k turizmi hizmetlerini belgeleyen, T\u00fcrkiye Cumhuriyeti Sa\u011fl\u0131k Bakanl\u0131\u011f\u0131 onayl\u0131 resmi yetki belgesi.\" class=\"e-gallery-image elementor-widget-cmsmasters-gallery__item-image\" data-thumbnail=\"https:\/\/pineapplehealthtourism.com\/tr\/wp-content\/uploads\/2026\/03\/istanbul-dr-sedat-tatar-saglik-turizmi-yetki-belgesi.webp\" data-width=\"2048\" data-height=\"1583\"><\/div><\/a><a class=\"e-gallery-item elementor-widget-cmsmasters-gallery__item\" alt=\"\u0130stanbul&#039;un en iyi plastik cerrahi hizmetleri: Do\u00e7. Dr. Sedat Tatar ile g\u00fcvenli, estetik ve profesyonel \u00e7\u00f6z\u00fcmler.\" aria-label=\"\u0130stanbul&#039;un en iyi plastik cerrahi hizmetleri: Do\u00e7. Dr. Sedat Tatar ile g\u00fcvenli, estetik ve profesyonel \u00e7\u00f6z\u00fcmler.\" data-elementor-lightbox-slideshow=\"78be542\" href=\"https:\/\/pineapplehealthtourism.com\/tr\/wp-content\/uploads\/2026\/03\/istanbuldaki-en-iyi-plastik-cerrahi-sedat-tatar.webp\"><div alt=\"\u0130stanbul&#039;un en iyi plastik cerrahi hizmetleri: Do\u00e7. Dr. Sedat Tatar ile g\u00fcvenli, estetik ve profesyonel \u00e7\u00f6z\u00fcmler.\" class=\"e-gallery-image elementor-widget-cmsmasters-gallery__item-image\" data-thumbnail=\"https:\/\/pineapplehealthtourism.com\/tr\/wp-content\/uploads\/2026\/03\/istanbuldaki-en-iyi-plastik-cerrahi-sedat-tatar.webp\" data-width=\"1300\" data-height=\"868\"><\/div><\/a><\/div>\t\t\t\t<\/div>\n\t\t\t\t<\/div>\n\t\t\t\t\t<\/div>\n\t\t\t\t<\/div>\n\t\t\t\t<\/div>\n\t\t\n\n<div class=\"kk-star-ratings kksr-auto kksr-align-center kksr-valign-bottom\"\n    data-payload='{&quot;align&quot;:&quot;center&quot;,&quot;id&quot;:&quot;42229&quot;,&quot;slug&quot;:&quot;default&quot;,&quot;valign&quot;:&quot;bottom&quot;,&quot;ignore&quot;:&quot;&quot;,&quot;reference&quot;:&quot;auto&quot;,&quot;class&quot;:&quot;&quot;,&quot;count&quot;:&quot;642&quot;,&quot;legendonly&quot;:&quot;&quot;,&quot;readonly&quot;:&quot;&quot;,&quot;score&quot;:&quot;5&quot;,&quot;starsonly&quot;:&quot;&quot;,&quot;best&quot;:&quot;5&quot;,&quot;gap&quot;:&quot;5&quot;,&quot;greet&quot;:&quot;Rate this page&quot;,&quot;legend&quot;:&quot;5\\\/5 - (642 votes)&quot;,&quot;size&quot;:&quot;24&quot;,&quot;title&quot;:&quot;Sertifikalar&quot;,&quot;width&quot;:&quot;142.5&quot;,&quot;_legend&quot;:&quot;{score}\\\/{best} - ({count} {votes})&quot;,&quot;font_factor&quot;:&quot;1.25&quot;}'>\n            \n<div class=\"kksr-stars\">\n    \n<div class=\"kksr-stars-inactive\">\n            <div class=\"kksr-star\" data-star=\"1\" style=\"padding-right: 5px\">\n            \n\n<div class=\"kksr-icon\" style=\"width: 24px; height: 24px;\"><\/div>\n        <\/div>\n            <div class=\"kksr-star\" data-star=\"2\" style=\"padding-right: 5px\">\n            \n\n<div class=\"kksr-icon\" style=\"width: 24px; height: 24px;\"><\/div>\n        <\/div>\n            <div class=\"kksr-star\" data-star=\"3\" style=\"padding-right: 5px\">\n            \n\n<div class=\"kksr-icon\" style=\"width: 24px; height: 24px;\"><\/div>\n        <\/div>\n            <div class=\"kksr-star\" data-star=\"4\" style=\"padding-right: 5px\">\n            \n\n<div class=\"kksr-icon\" style=\"width: 24px; height: 24px;\"><\/div>\n        <\/div>\n            <div class=\"kksr-star\" data-star=\"5\" style=\"padding-right: 5px\">\n            \n\n<div class=\"kksr-icon\" style=\"width: 24px; height: 24px;\"><\/div>\n        <\/div>\n    <\/div>\n    \n<div class=\"kksr-stars-active\" style=\"width: 142.5px;\">\n            <div class=\"kksr-star\" style=\"padding-right: 5px\">\n            \n\n<div class=\"kksr-icon\" style=\"width: 24px; height: 24px;\"><\/div>\n        <\/div>\n            <div class=\"kksr-star\" style=\"padding-right: 5px\">\n            \n\n<div class=\"kksr-icon\" style=\"width: 24px; height: 24px;\"><\/div>\n        <\/div>\n            <div class=\"kksr-star\" style=\"padding-right: 5px\">\n            \n\n<div class=\"kksr-icon\" style=\"width: 24px; height: 24px;\"><\/div>\n        <\/div>\n            <div class=\"kksr-star\" style=\"padding-right: 5px\">\n            \n\n<div class=\"kksr-icon\" style=\"width: 24px; height: 24px;\"><\/div>\n        <\/div>\n            <div class=\"kksr-star\" style=\"padding-right: 5px\">\n            \n\n<div class=\"kksr-icon\" style=\"width: 24px; height: 24px;\"><\/div>\n        <\/div>\n    <\/div>\n<\/div>\n                \n\n<div class=\"kksr-legend\" style=\"font-size: 19.2px;\">\n            5\/5 - (642 votes)    <\/div>\n    <\/div>\n","protected":false},"excerpt":{"rendered":"<p>Sertifikalar\u0131m\u0131z ve Akreditasyonlar\u0131m\u0131z Uluslararas\u0131 Standartlarda G\u00fcvenli Tedavi S\u00fcre\u00e7leri Uluslararas\u0131 akreditasyona sahip kliniklerle \u00e7al\u0131\u015farak, t\u00fcm s\u00fcre\u00e7lerimizde hasta g\u00fcvenli\u011fini ve y\u00fcksek hizmet standartlar\u0131n\u0131 \u00f6nceliklendiriyoruz. Pineapple g\u00fcvencesiyle, d\u00fcnya standartlar\u0131nda t\u0131bbi bak\u0131ma ula\u015fman\u0131z\u0131 sa\u011fl\u0131yoruz.<\/p>\n","protected":false},"author":1,"featured_media":0,"parent":0,"menu_order":0,"comment_status":"closed","ping_status":"closed","template":"","meta":{"_acf_changed":false,"footnotes":""},"class_list":["post-42229","page","type-page","status-publish","hentry"],"acf":[],"_hostinger_reach_plugin_has_subscription_block":false,"_hostinger_reach_plugin_is_elementor":false,"_links":{"self":[{"href":"https:\/\/pineapplehealthtourism.com\/tr\/wp-json\/wp\/v2\/pages\/42229","targetHints":{"allow":["GET"]}}],"collection":[{"href":"https:\/\/pineapplehealthtourism.com\/tr\/wp-json\/wp\/v2\/pages"}],"about":[{"href":"https:\/\/pineapplehealthtourism.com\/tr\/wp-json\/wp\/v2\/types\/page"}],"author":[{"embeddable":true,"href":"https:\/\/pineapplehealthtourism.com\/tr\/wp-json\/wp\/v2\/users\/1"}],"replies":[{"embeddable":true,"href":"https:\/\/pineapplehealthtourism.com\/tr\/wp-json\/wp\/v2\/comments?post=42229"}],"version-history":[{"count":95,"href":"https:\/\/pineapplehealthtourism.com\/tr\/wp-json\/wp\/v2\/pages\/42229\/revisions"}],"predecessor-version":[{"id":44351,"href":"https:\/\/pineapplehealthtourism.com\/tr\/wp-json\/wp\/v2\/pages\/42229\/revisions\/44351"}],"wp:attachment":[{"href":"https:\/\/pineapplehealthtourism.com\/tr\/wp-json\/wp\/v2\/media?parent=42229"}],"curies":[{"name":"wp","href":"https:\/\/api.w.org\/{rel}","templated":true}]}}