{"id":42955,"date":"2026-03-26T12:38:55","date_gmt":"2026-03-26T12:38:55","guid":{"rendered":"https:\/\/pineapplehealthtourism.com\/tr\/?page_id=42955"},"modified":"2026-04-04T10:32:49","modified_gmt":"2026-04-04T10:32:49","slug":"iletisim-izin-metni","status":"publish","type":"page","link":"https:\/\/pineapplehealthtourism.com\/tr\/iletisim-izin-metni\/","title":{"rendered":"\u0130leti\u015fim \u0130zin Metni"},"content":{"rendered":"\n<h1 class=\"wp-block-heading\">\u0130leti\u015fim \u0130zin Metni<\/h1>\n\n\n\n<p><strong>Say\u0131n Pineapple Health Tourism Yetkilisi,<\/strong><\/p>\n\n\n\n<p>Ki\u015fisel verilerimin; do\u011frudan veya dolayl\u0131 tan\u0131t\u0131m, ileti\u015fim, bilgilendirme, pazarlama, m\u00fc\u015fteri memnuniyeti ara\u015ft\u0131rmas\u0131 ve anket \u00e7al\u0131\u015fmalar\u0131 amac\u0131yla Pineapple Health Tourism taraf\u0131ndan i\u015flenmesini; ileti\u015fim bilgilerim, SMS, telefon, e-posta, sosyal medya platformlar\u0131 ve di\u011fer ileti\u015fim sistemleri arac\u0131l\u0131\u011f\u0131yla taraf\u0131ma g\u00f6nderilmesini kabul ediyorum. Ayr\u0131ca, ki\u015fisel verilerimin i\u015f ama\u00e7l\u0131 olarak, \u00f6l\u00e7\u00fcl\u00fc ve s\u0131n\u0131rl\u0131 bir \u015fekilde Pineapple Health Tourism taraf\u0131ndan tedarik\u00e7i kurumlara aktar\u0131labilece\u011fini kabul ediyorum.<\/p>\n\n\n\n<p><strong><strong>Sayg\u0131lar\u0131mla,<\/strong><\/strong><\/p>\n\n\n\n<p><strong>NOT:<\/strong> Pineapple Health Tourism taraf\u0131ndan g\u00f6nderilen haber, tan\u0131t\u0131m, bilgilendirme notu, mesaj veya e-postalar\u0131n iptal edilmesini talep etmek ve telefon aramas\u0131 almamak i\u00e7in a\u015fa\u011f\u0131da yer alan bilgiler \u00fczerinden bizimle ileti\u015fime ge\u00e7erek ileti\u015fimin durdurulmas\u0131n\u0131 talep edebilirsiniz.<\/p>\n\n\n\n<p><strong>\u0130LET\u0130\u015e\u0130M B\u0130LG\u0130LER\u0130<\/strong><br><strong>Pineapple Health Tourism<\/strong><br><strong>Telefon:<\/strong> +90 (555) 100 11 49<br><strong>E-posta:<\/strong> <a>info@pineapplehealthtourism.com<\/a><br><strong>Adres:<\/strong> Levent Mahallesi, Karanfil Aral\u0131\u011f\u0131 Sokak No: 18\/1, Be\u015fikta\u015f \/ \u0130stanbul<\/p>\n\n\n<div class=\"kk-star-ratings kksr-auto kksr-align-center kksr-valign-bottom\"\n    data-payload='{&quot;align&quot;:&quot;center&quot;,&quot;id&quot;:&quot;42955&quot;,&quot;slug&quot;:&quot;default&quot;,&quot;valign&quot;:&quot;bottom&quot;,&quot;ignore&quot;:&quot;&quot;,&quot;reference&quot;:&quot;auto&quot;,&quot;class&quot;:&quot;&quot;,&quot;count&quot;:&quot;708&quot;,&quot;legendonly&quot;:&quot;&quot;,&quot;readonly&quot;:&quot;&quot;,&quot;score&quot;:&quot;5&quot;,&quot;starsonly&quot;:&quot;&quot;,&quot;best&quot;:&quot;5&quot;,&quot;gap&quot;:&quot;5&quot;,&quot;greet&quot;:&quot;Rate this page&quot;,&quot;legend&quot;:&quot;5\\\/5 - (708 votes)&quot;,&quot;size&quot;:&quot;24&quot;,&quot;title&quot;:&quot;\u0130leti\u015fim \u0130zin Metni&quot;,&quot;width&quot;:&quot;142.5&quot;,&quot;_legend&quot;:&quot;{score}\\\/{best} - ({count} {votes})&quot;,&quot;font_factor&quot;:&quot;1.25&quot;}'>\n            \n<div class=\"kksr-stars\">\n    \n<div class=\"kksr-stars-inactive\">\n            <div class=\"kksr-star\" data-star=\"1\" style=\"padding-right: 5px\">\n            \n\n<div class=\"kksr-icon\" style=\"width: 24px; height: 24px;\"><\/div>\n        <\/div>\n            <div class=\"kksr-star\" data-star=\"2\" style=\"padding-right: 5px\">\n            \n\n<div class=\"kksr-icon\" style=\"width: 24px; height: 24px;\"><\/div>\n        <\/div>\n            <div class=\"kksr-star\" data-star=\"3\" style=\"padding-right: 5px\">\n            \n\n<div class=\"kksr-icon\" style=\"width: 24px; height: 24px;\"><\/div>\n        <\/div>\n            <div class=\"kksr-star\" data-star=\"4\" style=\"padding-right: 5px\">\n            \n\n<div class=\"kksr-icon\" style=\"width: 24px; height: 24px;\"><\/div>\n        <\/div>\n            <div class=\"kksr-star\" data-star=\"5\" style=\"padding-right: 5px\">\n            \n\n<div class=\"kksr-icon\" style=\"width: 24px; height: 24px;\"><\/div>\n        <\/div>\n    <\/div>\n    \n<div class=\"kksr-stars-active\" style=\"width: 142.5px;\">\n            <div class=\"kksr-star\" style=\"padding-right: 5px\">\n            \n\n<div class=\"kksr-icon\" style=\"width: 24px; height: 24px;\"><\/div>\n        <\/div>\n            <div class=\"kksr-star\" style=\"padding-right: 5px\">\n            \n\n<div class=\"kksr-icon\" style=\"width: 24px; height: 24px;\"><\/div>\n        <\/div>\n            <div class=\"kksr-star\" style=\"padding-right: 5px\">\n            \n\n<div class=\"kksr-icon\" style=\"width: 24px; height: 24px;\"><\/div>\n        <\/div>\n            <div class=\"kksr-star\" style=\"padding-right: 5px\">\n            \n\n<div class=\"kksr-icon\" style=\"width: 24px; height: 24px;\"><\/div>\n        <\/div>\n            <div class=\"kksr-star\" style=\"padding-right: 5px\">\n            \n\n<div class=\"kksr-icon\" style=\"width: 24px; height: 24px;\"><\/div>\n        <\/div>\n    <\/div>\n<\/div>\n                \n\n<div class=\"kksr-legend\" style=\"font-size: 19.2px;\">\n            5\/5 - (708 votes)    <\/div>\n    <\/div>\n","protected":false},"excerpt":{"rendered":"<p>\u0130leti\u015fim \u0130zin Metni Say\u0131n Pineapple Health Tourism Yetkilisi, Ki\u015fisel verilerimin; do\u011frudan veya dolayl\u0131 tan\u0131t\u0131m, ileti\u015fim, bilgilendirme, pazarlama, m\u00fc\u015fteri memnuniyeti ara\u015ft\u0131rmas\u0131 ve anket \u00e7al\u0131\u015fmalar\u0131 amac\u0131yla Pineapple Health Tourism taraf\u0131ndan i\u015flenmesini; ileti\u015fim bilgilerim, SMS, telefon, e-posta, sosyal medya platformlar\u0131 ve di\u011fer ileti\u015fim sistemleri arac\u0131l\u0131\u011f\u0131yla taraf\u0131ma g\u00f6nderilmesini kabul ediyorum. Ayr\u0131ca, ki\u015fisel verilerimin i\u015f ama\u00e7l\u0131 olarak, \u00f6l\u00e7\u00fcl\u00fc ve s\u0131n\u0131rl\u0131&#8230;<\/p>\n","protected":false},"author":1,"featured_media":0,"parent":0,"menu_order":0,"comment_status":"closed","ping_status":"closed","template":"","meta":{"_acf_changed":false,"footnotes":""},"class_list":["post-42955","page","type-page","status-publish","hentry"],"acf":[],"_hostinger_reach_plugin_has_subscription_block":false,"_hostinger_reach_plugin_is_elementor":false,"_links":{"self":[{"href":"https:\/\/pineapplehealthtourism.com\/tr\/wp-json\/wp\/v2\/pages\/42955","targetHints":{"allow":["GET"]}}],"collection":[{"href":"https:\/\/pineapplehealthtourism.com\/tr\/wp-json\/wp\/v2\/pages"}],"about":[{"href":"https:\/\/pineapplehealthtourism.com\/tr\/wp-json\/wp\/v2\/types\/page"}],"author":[{"embeddable":true,"href":"https:\/\/pineapplehealthtourism.com\/tr\/wp-json\/wp\/v2\/users\/1"}],"replies":[{"embeddable":true,"href":"https:\/\/pineapplehealthtourism.com\/tr\/wp-json\/wp\/v2\/comments?post=42955"}],"version-history":[{"count":8,"href":"https:\/\/pineapplehealthtourism.com\/tr\/wp-json\/wp\/v2\/pages\/42955\/revisions"}],"predecessor-version":[{"id":43348,"href":"https:\/\/pineapplehealthtourism.com\/tr\/wp-json\/wp\/v2\/pages\/42955\/revisions\/43348"}],"wp:attachment":[{"href":"https:\/\/pineapplehealthtourism.com\/tr\/wp-json\/wp\/v2\/media?parent=42955"}],"curies":[{"name":"wp","href":"https:\/\/api.w.org\/{rel}","templated":true}]}}